{"id":2270,"date":"2026-03-30T10:44:13","date_gmt":"2026-03-30T08:44:13","guid":{"rendered":"https:\/\/ebroacero.com\/?page_id=2270"},"modified":"2026-03-30T11:40:54","modified_gmt":"2026-03-30T09:40:54","slug":"controle-de-la-qualite","status":"publish","type":"page","link":"https:\/\/ebroacero.com\/fr\/control-de-calidad\/","title":{"rendered":"Contr\u00f4le de la qualit\u00e9"},"content":{"rendered":"<div data-elementor-type=\"wp-post\" data-elementor-id=\"2270\" class=\"elementor elementor-2270\" data-elementor-settings=\"{&quot;ha_cmc_init_switcher&quot;:&quot;no&quot;}\" data-elementor-post-type=\"page\">\n\t\t\t\t\t\t<section data-particle_enable=\"false\" data-particle-mobile-disabled=\"false\" class=\"elementor-section elementor-top-section elementor-element elementor-element-115bb23 elementor-section-content-middle elementor-section-height-min-height banner-control-de-calidad elementor-section-boxed elementor-section-height-default elementor-section-items-middle\" data-id=\"115bb23\" data-element_type=\"section\" data-e-type=\"section\" data-settings=\"{&quot;background_background&quot;:&quot;classic&quot;,&quot;_ha_eqh_enable&quot;:false}\">\n\t\t\t\t\t\t\t<div class=\"elementor-background-overlay\"><\/div>\n\t\t\t\t\t\t\t<div class=\"elementor-container elementor-column-gap-no\">\n\t\t\t\t\t<div class=\"elementor-column elementor-col-100 elementor-top-column elementor-element elementor-element-2074186\" data-id=\"2074186\" data-element_type=\"column\" data-e-type=\"column\">\n\t\t\t<div class=\"elementor-widget-wrap elementor-element-populated\">\n\t\t\t\t\t\t<div class=\"elementor-element elementor-element-440dc4e elementor-widget elementor-widget-heading\" data-id=\"440dc4e\" data-element_type=\"widget\" data-e-type=\"widget\" data-widget_type=\"heading.default\">\n\t\t\t\t<div class=\"elementor-widget-container\">\n\t\t\t\t\t<h1 class=\"elementor-heading-title elementor-size-default\">Contr\u00f4le de la qualit\u00e9<\/h1>\t\t\t\t<\/div>\n\t\t\t\t<\/div>\n\t\t\t\t\t<\/div>\n\t\t<\/div>\n\t\t\t\t\t<\/div>\n\t\t<\/section>\n\t\t\t\t<section data-particle_enable=\"false\" data-particle-mobile-disabled=\"false\" class=\"elementor-section elementor-top-section elementor-element elementor-element-8ec0778 elementor-section-boxed elementor-section-height-default elementor-section-height-default\" data-id=\"8ec0778\" data-element_type=\"section\" data-e-type=\"section\" data-settings=\"{&quot;background_background&quot;:&quot;classic&quot;,&quot;_ha_eqh_enable&quot;:false}\">\n\t\t\t\t\t\t<div class=\"elementor-container elementor-column-gap-default\">\n\t\t\t\t\t<div class=\"elementor-column elementor-col-100 elementor-top-column elementor-element elementor-element-d9217ad\" data-id=\"d9217ad\" data-element_type=\"column\" data-e-type=\"column\">\n\t\t\t<div class=\"elementor-widget-wrap\">\n\t\t\t\t\t\t\t<\/div>\n\t\t<\/div>\n\t\t\t\t\t<\/div>\n\t\t<\/section>\n\t\t\t\t<section data-particle_enable=\"false\" data-particle-mobile-disabled=\"false\" class=\"elementor-section elementor-top-section elementor-element elementor-element-86c5ed3 elementor-section-content-middle elementor-section-full_width elementor-section-height-default elementor-section-height-default\" data-id=\"86c5ed3\" data-element_type=\"section\" data-e-type=\"section\" data-settings=\"{&quot;background_background&quot;:&quot;classic&quot;,&quot;_ha_eqh_enable&quot;:false}\">\n\t\t\t\t\t\t<div class=\"elementor-container elementor-column-gap-no\">\n\t\t\t\t\t<div class=\"elementor-column elementor-col-66 elementor-top-column elementor-element elementor-element-d16fcda\" data-id=\"d16fcda\" data-element_type=\"column\" data-e-type=\"column\">\n\t\t\t<div class=\"elementor-widget-wrap elementor-element-populated\">\n\t\t\t\t\t\t<div class=\"elementor-element elementor-element-6629ba6 elementor-widget elementor-widget-text-editor\" data-id=\"6629ba6\" data-element_type=\"widget\" data-e-type=\"widget\" data-widget_type=\"text-editor.default\">\n\t\t\t\t<div class=\"elementor-widget-container\">\n\t\t\t\t\t\t\t\t\tIl r\u00e9pond aux exigences du contr\u00f4le non destructif (NDT) des produits, en intervenant dans les phases pr\u00e9d\u00e9termin\u00e9es du processus de fabrication. Il dispose de tout le mat\u00e9riel et de l'\u00e9quipement n\u00e9cessaires, \u00e9talonn\u00e9s p\u00e9riodiquement, pour effectuer des essais non destructifs.\t\t\t\t\t\t\t\t<\/div>\n\t\t\t\t<\/div>\n\t\t\t\t<section data-particle_enable=\"false\" data-particle-mobile-disabled=\"false\" class=\"elementor-section elementor-inner-section elementor-element elementor-element-7d4941b elementor-section-boxed elementor-section-height-default elementor-section-height-default\" data-id=\"7d4941b\" data-element_type=\"section\" data-e-type=\"section\" data-settings=\"{&quot;_ha_eqh_enable&quot;:false}\">\n\t\t\t\t\t\t<div class=\"elementor-container elementor-column-gap-default\">\n\t\t\t\t\t<div class=\"elementor-column elementor-col-50 elementor-inner-column elementor-element elementor-element-1b125cd\" data-id=\"1b125cd\" data-element_type=\"column\" data-e-type=\"column\">\n\t\t\t<div class=\"elementor-widget-wrap elementor-element-populated\">\n\t\t\t\t\t\t<div class=\"elementor-element elementor-element-4c7c2f8 elementor-invisible elementor-widget elementor-widget-image\" data-id=\"4c7c2f8\" data-element_type=\"widget\" data-e-type=\"widget\" data-settings=\"{&quot;_animation&quot;:&quot;fadeInDown&quot;}\" data-widget_type=\"image.default\">\n\t\t\t\t<div class=\"elementor-widget-container\">\n\t\t\t\t\t\t\t\t\t\t\t\t\t\t\t\t<a href=\"https:\/\/ebroacero.com\/wp-content\/uploads\/Control-de-calidad_1.jpg\" data-elementor-open-lightbox=\"yes\" data-elementor-lightbox-title=\"Ebroacero Control de calidad\" data-e-action-hash=\"#elementor-action%3Aaction%3Dlightbox%26settings%3DeyJpZCI6Mjg2OSwidXJsIjoiaHR0cHM6XC9cL2Vicm9hY2Vyby5jb21cL3dwLWNvbnRlbnRcL3VwbG9hZHNcL0NvbnRyb2wtZGUtY2FsaWRhZF8xLmpwZyJ9\">\n\t\t\t\t\t\t\t<img fetchpriority=\"high\" decoding=\"async\" width=\"2000\" height=\"1333\" src=\"https:\/\/ebroacero.com\/wp-content\/uploads\/Control-de-calidad_1.jpg\" class=\"attachment-full size-full wp-image-2869\" alt=\"Ebroacero Contr\u00f4le de qualit\u00e9\" srcset=\"https:\/\/ebroacero.com\/wp-content\/uploads\/Control-de-calidad_1.jpg 2000w, https:\/\/ebroacero.com\/wp-content\/uploads\/Control-de-calidad_1-300x200.jpg 300w, https:\/\/ebroacero.com\/wp-content\/uploads\/Control-de-calidad_1-1024x682.jpg 1024w, https:\/\/ebroacero.com\/wp-content\/uploads\/Control-de-calidad_1-768x512.jpg 768w, https:\/\/ebroacero.com\/wp-content\/uploads\/Control-de-calidad_1-1536x1024.jpg 1536w, https:\/\/ebroacero.com\/wp-content\/uploads\/Control-de-calidad_1-18x12.jpg 18w\" sizes=\"(max-width: 2000px) 100vw, 2000px\" \/>\t\t\t\t\t\t\t\t<\/a>\n\t\t\t\t\t\t\t\t\t\t\t\t\t\t\t<\/div>\n\t\t\t\t<\/div>\n\t\t\t\t<div class=\"elementor-element elementor-element-6aaa3ec elementor-widget elementor-widget-text-editor\" data-id=\"6aaa3ec\" data-element_type=\"widget\" data-e-type=\"widget\" data-widget_type=\"text-editor.default\">\n\t\t\t\t<div class=\"elementor-widget-container\">\n\t\t\t\t\t\t\t\t\t<h3><b>Essais non destructifs<\/b><\/h3><ul><li>Radiographic Testing<\/li><li>\u00c9chographie<\/li><li>Particules magn\u00e9tiques<\/li><li>Liquides p\u00e9n\u00e9trants<\/li><li>Contr\u00f4le dimensionnel<\/li><li>D\u2019Autres<\/li><\/ul>\t\t\t\t\t\t\t\t<\/div>\n\t\t\t\t<\/div>\n\t\t\t\t\t<\/div>\n\t\t<\/div>\n\t\t\t\t<div class=\"elementor-column elementor-col-50 elementor-inner-column elementor-element elementor-element-514139f\" data-id=\"514139f\" data-element_type=\"column\" data-e-type=\"column\">\n\t\t\t<div class=\"elementor-widget-wrap elementor-element-populated\">\n\t\t\t\t\t\t<div class=\"elementor-element elementor-element-dc0f0af elementor-invisible elementor-widget elementor-widget-image\" data-id=\"dc0f0af\" data-element_type=\"widget\" data-e-type=\"widget\" data-settings=\"{&quot;_animation&quot;:&quot;fadeInDown&quot;,&quot;_animation_delay&quot;:300}\" data-widget_type=\"image.default\">\n\t\t\t\t<div class=\"elementor-widget-container\">\n\t\t\t\t\t\t\t\t\t\t\t\t\t\t\t\t<a href=\"https:\/\/ebroacero.com\/wp-content\/uploads\/Control-de-calidad_2.jpg\" data-elementor-open-lightbox=\"yes\" data-elementor-lightbox-title=\"Ebroacero Control de calidad\" data-e-action-hash=\"#elementor-action%3Aaction%3Dlightbox%26settings%3DeyJpZCI6Mjg3MCwidXJsIjoiaHR0cHM6XC9cL2Vicm9hY2Vyby5jb21cL3dwLWNvbnRlbnRcL3VwbG9hZHNcL0NvbnRyb2wtZGUtY2FsaWRhZF8yLmpwZyJ9\">\n\t\t\t\t\t\t\t<img decoding=\"async\" width=\"2000\" height=\"1333\" src=\"https:\/\/ebroacero.com\/wp-content\/uploads\/Control-de-calidad_2.jpg\" class=\"attachment-full size-full wp-image-2870\" alt=\"Ebroacero Contr\u00f4le de qualit\u00e9\" srcset=\"https:\/\/ebroacero.com\/wp-content\/uploads\/Control-de-calidad_2.jpg 2000w, https:\/\/ebroacero.com\/wp-content\/uploads\/Control-de-calidad_2-300x200.jpg 300w, https:\/\/ebroacero.com\/wp-content\/uploads\/Control-de-calidad_2-1024x682.jpg 1024w, https:\/\/ebroacero.com\/wp-content\/uploads\/Control-de-calidad_2-768x512.jpg 768w, https:\/\/ebroacero.com\/wp-content\/uploads\/Control-de-calidad_2-1536x1024.jpg 1536w, https:\/\/ebroacero.com\/wp-content\/uploads\/Control-de-calidad_2-18x12.jpg 18w\" sizes=\"(max-width: 2000px) 100vw, 2000px\" \/>\t\t\t\t\t\t\t\t<\/a>\n\t\t\t\t\t\t\t\t\t\t\t\t\t\t\t<\/div>\n\t\t\t\t<\/div>\n\t\t\t\t<div class=\"elementor-element elementor-element-7fdef4a elementor-widget elementor-widget-spacer\" data-id=\"7fdef4a\" data-element_type=\"widget\" data-e-type=\"widget\" data-widget_type=\"spacer.default\">\n\t\t\t\t<div class=\"elementor-widget-container\">\n\t\t\t\t\t\t\t<div class=\"elementor-spacer\">\n\t\t\t<div class=\"elementor-spacer-inner\"><\/div>\n\t\t<\/div>\n\t\t\t\t\t\t<\/div>\n\t\t\t\t<\/div>\n\t\t\t\t<div class=\"elementor-element elementor-element-8e4dbef elementor-widget elementor-widget-text-editor\" data-id=\"8e4dbef\" data-element_type=\"widget\" data-e-type=\"widget\" data-widget_type=\"text-editor.default\">\n\t\t\t\t<div class=\"elementor-widget-container\">\n\t\t\t\t\t\t\t\t\t<p>Pour l'ex\u00e9cution des essais, les proc\u00e9dures n\u00e9cessaires ont \u00e9t\u00e9 \u00e9labor\u00e9es conform\u00e9ment aux diff\u00e9rentes normes internationales (EN, ASME, DIN, BS, AFNOR, UNE, etc).<\/p><p>Tout le personnel responsable et ex\u00e9cutant les diff\u00e9rents tests poss\u00e8de les qualifications professionnelles requises par les normes EN 473:2000 et SNT-TC-1A:1996.<\/p>\t\t\t\t\t\t\t\t<\/div>\n\t\t\t\t<\/div>\n\t\t\t\t\t<\/div>\n\t\t<\/div>\n\t\t\t\t\t<\/div>\n\t\t<\/section>\n\t\t\t\t\t<\/div>\n\t\t<\/div>\n\t\t\t\t<div class=\"elementor-column elementor-col-33 elementor-top-column elementor-element elementor-element-06e5047\" data-id=\"06e5047\" data-element_type=\"column\" data-e-type=\"column\" data-settings=\"{&quot;background_background&quot;:&quot;classic&quot;}\">\n\t\t\t<div class=\"elementor-widget-wrap elementor-element-populated\">\n\t\t\t\t\t<div class=\"elementor-background-overlay\"><\/div>\n\t\t\t\t\t\t<div class=\"elementor-element elementor-element-27afd4f elementor-widget elementor-widget-heading\" data-id=\"27afd4f\" data-element_type=\"widget\" data-e-type=\"widget\" data-widget_type=\"heading.default\">\n\t\t\t\t<div class=\"elementor-widget-container\">\n\t\t\t\t\t<h2 class=\"elementor-heading-title elementor-size-default\"><a href=\"\/fr\/services\/\">Services<\/a><\/h2>\t\t\t\t<\/div>\n\t\t\t\t<\/div>\n\t\t\t\t<div class=\"elementor-element elementor-element-e2cdb09 elementor-align-start elementor-icon-list--layout-traditional elementor-list-item-link-full_width elementor-widget elementor-widget-icon-list\" data-id=\"e2cdb09\" data-element_type=\"widget\" data-e-type=\"widget\" data-widget_type=\"icon-list.default\">\n\t\t\t\t<div class=\"elementor-widget-container\">\n\t\t\t\t\t\t\t<ul class=\"elementor-icon-list-items\">\n\t\t\t\t\t\t\t<li class=\"elementor-icon-list-item\">\n\t\t\t\t\t\t\t\t\t\t\t<a href=\"\/fr\/bureau-technique\/\">\n\n\t\t\t\t\t\t\t\t\t\t\t\t<span class=\"elementor-icon-list-icon\">\n\t\t\t\t\t\t\t<i aria-hidden=\"true\" class=\"fas fa-chevron-right\"><\/i>\t\t\t\t\t\t<\/span>\n\t\t\t\t\t\t\t\t\t\t<span class=\"elementor-icon-list-text\">Bureau technique<\/span>\n\t\t\t\t\t\t\t\t\t\t\t<\/a>\n\t\t\t\t\t\t\t\t\t<\/li>\n\t\t\t\t\t\t\t\t<li class=\"elementor-icon-list-item\">\n\t\t\t\t\t\t\t\t\t\t\t<a href=\"\/fr\/moulage\/\">\n\n\t\t\t\t\t\t\t\t\t\t\t\t<span class=\"elementor-icon-list-icon\">\n\t\t\t\t\t\t\t<i aria-hidden=\"true\" class=\"fas fa-angle-right\"><\/i>\t\t\t\t\t\t<\/span>\n\t\t\t\t\t\t\t\t\t\t<span class=\"elementor-icon-list-text\">Moulage<\/span>\n\t\t\t\t\t\t\t\t\t\t\t<\/a>\n\t\t\t\t\t\t\t\t\t<\/li>\n\t\t\t\t\t\t\t\t<li class=\"elementor-icon-list-item\">\n\t\t\t\t\t\t\t\t\t\t\t<a href=\"\/fr\/fusion\/\">\n\n\t\t\t\t\t\t\t\t\t\t\t\t<span class=\"elementor-icon-list-icon\">\n\t\t\t\t\t\t\t<i aria-hidden=\"true\" class=\"fas fa-angle-right\"><\/i>\t\t\t\t\t\t<\/span>\n\t\t\t\t\t\t\t\t\t\t<span class=\"elementor-icon-list-text\">Fusion<\/span>\n\t\t\t\t\t\t\t\t\t\t\t<\/a>\n\t\t\t\t\t\t\t\t\t<\/li>\n\t\t\t\t\t\t\t\t<li class=\"elementor-icon-list-item\">\n\t\t\t\t\t\t\t\t\t\t\t<a href=\"\/fr\/traitements-thermiques\/\">\n\n\t\t\t\t\t\t\t\t\t\t\t\t<span class=\"elementor-icon-list-icon\">\n\t\t\t\t\t\t\t<i aria-hidden=\"true\" class=\"fas fa-angle-right\"><\/i>\t\t\t\t\t\t<\/span>\n\t\t\t\t\t\t\t\t\t\t<span class=\"elementor-icon-list-text\">Traitement thermique<\/span>\n\t\t\t\t\t\t\t\t\t\t\t<\/a>\n\t\t\t\t\t\t\t\t\t<\/li>\n\t\t\t\t\t\t\t\t<li class=\"elementor-icon-list-item\">\n\t\t\t\t\t\t\t\t\t\t\t<a href=\"\/fr\/mecanisation-2\/\">\n\n\t\t\t\t\t\t\t\t\t\t\t\t<span class=\"elementor-icon-list-icon\">\n\t\t\t\t\t\t\t<i aria-hidden=\"true\" class=\"fas fa-angle-right\"><\/i>\t\t\t\t\t\t<\/span>\n\t\t\t\t\t\t\t\t\t\t<span class=\"elementor-icon-list-text\">Usinage<\/span>\n\t\t\t\t\t\t\t\t\t\t\t<\/a>\n\t\t\t\t\t\t\t\t\t<\/li>\n\t\t\t\t\t\t\t\t<li class=\"elementor-icon-list-item\">\n\t\t\t\t\t\t\t\t\t\t\t<a href=\"\/fr\/les-laboratoires\/\">\n\n\t\t\t\t\t\t\t\t\t\t\t\t<span class=\"elementor-icon-list-icon\">\n\t\t\t\t\t\t\t<i aria-hidden=\"true\" class=\"fas fa-angle-right\"><\/i>\t\t\t\t\t\t<\/span>\n\t\t\t\t\t\t\t\t\t\t<span class=\"elementor-icon-list-text\">Laboratoires<\/span>\n\t\t\t\t\t\t\t\t\t\t\t<\/a>\n\t\t\t\t\t\t\t\t\t<\/li>\n\t\t\t\t\t\t\t\t<li class=\"elementor-icon-list-item\">\n\t\t\t\t\t\t\t\t\t\t\t<a href=\"\/fr\/controle-de-la-qualite\/\">\n\n\t\t\t\t\t\t\t\t\t\t\t\t<span class=\"elementor-icon-list-icon\">\n\t\t\t\t\t\t\t<i aria-hidden=\"true\" class=\"fas fa-angle-right\"><\/i>\t\t\t\t\t\t<\/span>\n\t\t\t\t\t\t\t\t\t\t<span class=\"elementor-icon-list-text\">Contr\u00f4le de la qualit\u00e9<\/span>\n\t\t\t\t\t\t\t\t\t\t\t<\/a>\n\t\t\t\t\t\t\t\t\t<\/li>\n\t\t\t\t\t\t\t\t<li class=\"elementor-icon-list-item\">\n\t\t\t\t\t\t\t\t\t\t\t<a href=\"\/fr\/grenaillage-de-precontrainte\/\">\n\n\t\t\t\t\t\t\t\t\t\t\t\t<span class=\"elementor-icon-list-icon\">\n\t\t\t\t\t\t\t<i aria-hidden=\"true\" class=\"fas fa-angle-right\"><\/i>\t\t\t\t\t\t<\/span>\n\t\t\t\t\t\t\t\t\t\t<span class=\"elementor-icon-list-text\">Grenaillage<\/span>\n\t\t\t\t\t\t\t\t\t\t\t<\/a>\n\t\t\t\t\t\t\t\t\t<\/li>\n\t\t\t\t\t\t<\/ul>\n\t\t\t\t\t\t<\/div>\n\t\t\t\t<\/div>\n\t\t\t\t\t<\/div>\n\t\t<\/div>\n\t\t\t\t\t<\/div>\n\t\t<\/section>\n\t\t\t\t<\/div>","protected":false},"excerpt":{"rendered":"<p>Control de calidad Atiende los requerimientos de ensayos no destructivos (END) de los productos, interviniendo en las fases del proceso [&hellip;]<\/p>\n","protected":false},"author":1,"featured_media":0,"parent":0,"menu_order":0,"comment_status":"closed","ping_status":"closed","template":"","meta":{"site-sidebar-layout":"no-sidebar","site-content-layout":"page-builder","ast-site-content-layout":"default","site-content-style":"default","site-sidebar-style":"default","ast-global-header-display":"","ast-banner-title-visibility":"","ast-main-header-display":"","ast-hfb-above-header-display":"","ast-hfb-below-header-display":"","ast-hfb-mobile-header-display":"","site-post-title":"disabled","ast-breadcrumbs-content":"","ast-featured-img":"disabled","footer-sml-layout":"","ast-disable-related-posts":"","theme-transparent-header-meta":"enabled","adv-header-id-meta":"","stick-header-meta":"","header-above-stick-meta":"","header-main-stick-meta":"","header-below-stick-meta":"","astra-migrate-meta-layouts":"set","ast-page-background-enabled":"default","ast-page-background-meta":{"desktop":{"background-color":"var(--ast-global-color-5)","background-image":"","background-repeat":"repeat","background-position":"center center","background-size":"auto","background-attachment":"scroll","background-type":"","background-media":"","overlay-type":"","overlay-color":"","overlay-opacity":"","overlay-gradient":""},"tablet":{"background-color":"","background-image":"","background-repeat":"repeat","background-position":"center center","background-size":"auto","background-attachment":"scroll","background-type":"","background-media":"","overlay-type":"","overlay-color":"","overlay-opacity":"","overlay-gradient":""},"mobile":{"background-color":"","background-image":"","background-repeat":"repeat","background-position":"center center","background-size":"auto","background-attachment":"scroll","background-type":"","background-media":"","overlay-type":"","overlay-color":"","overlay-opacity":"","overlay-gradient":""}},"ast-content-background-meta":{"desktop":{"background-color":"var(--ast-global-color-4)","background-image":"","background-repeat":"repeat","background-position":"center center","background-size":"auto","background-attachment":"scroll","background-type":"","background-media":"","overlay-type":"","overlay-color":"","overlay-opacity":"","overlay-gradient":""},"tablet":{"background-color":"var(--ast-global-color-4)","background-image":"","background-repeat":"repeat","background-position":"center center","background-size":"auto","background-attachment":"scroll","background-type":"","background-media":"","overlay-type":"","overlay-color":"","overlay-opacity":"","overlay-gradient":""},"mobile":{"background-color":"var(--ast-global-color-4)","background-image":"","background-repeat":"repeat","background-position":"center center","background-size":"auto","background-attachment":"scroll","background-type":"","background-media":"","overlay-type":"","overlay-color":"","overlay-opacity":"","overlay-gradient":""}},"footnotes":""},"class_list":["post-2270","page","type-page","status-publish","hentry"],"yoast_head":"<!-- This site is optimized with the Yoast SEO plugin v27.4 - https:\/\/yoast.com\/product\/yoast-seo-wordpress\/ -->\n<title>Control de calidad - Ebroacero S.A.<\/title>\n<meta name=\"description\" content=\"Control de calidad en Ebroacero: inspecci\u00f3n rigurosa, trazabilidad total y cumplimiento normativo para garantizar productos de acero fiables\" \/>\n<meta name=\"robots\" content=\"index, follow, max-snippet:-1, max-image-preview:large, max-video-preview:-1\" \/>\n<link rel=\"canonical\" href=\"https:\/\/ebroacero.com\/fr\/controle-de-la-qualite\/\" \/>\n<meta property=\"og:locale\" content=\"fr_FR\" \/>\n<meta property=\"og:type\" content=\"article\" \/>\n<meta property=\"og:title\" content=\"Control de calidad - Ebroacero S.A.\" \/>\n<meta property=\"og:description\" content=\"Control de calidad en Ebroacero: inspecci\u00f3n rigurosa, trazabilidad total y cumplimiento normativo para garantizar productos de acero fiables\" \/>\n<meta property=\"og:url\" content=\"https:\/\/ebroacero.com\/fr\/controle-de-la-qualite\/\" \/>\n<meta property=\"og:site_name\" content=\"Ebroacero S.A.\" \/>\n<meta property=\"article:modified_time\" content=\"2026-03-30T09:40:54+00:00\" \/>\n<meta property=\"og:image\" content=\"https:\/\/ebroacero.com\/wp-content\/uploads\/Control-de-calidad_1.jpg\" \/>\n<meta name=\"twitter:card\" content=\"summary_large_image\" \/>\n<meta name=\"twitter:label1\" content=\"Dur\u00e9e de lecture estim\u00e9e\" \/>\n\t<meta name=\"twitter:data1\" content=\"1 minute\" \/>\n<script type=\"application\/ld+json\" class=\"yoast-schema-graph\">{\"@context\":\"https:\\\/\\\/schema.org\",\"@graph\":[{\"@type\":\"WebPage\",\"@id\":\"https:\\\/\\\/ebroacero.com\\\/control-de-calidad\\\/\",\"url\":\"https:\\\/\\\/ebroacero.com\\\/control-de-calidad\\\/\",\"name\":\"Control de calidad - Ebroacero S.A.\",\"isPartOf\":{\"@id\":\"https:\\\/\\\/ebroacero.com\\\/#website\"},\"primaryImageOfPage\":{\"@id\":\"https:\\\/\\\/ebroacero.com\\\/control-de-calidad\\\/#primaryimage\"},\"image\":{\"@id\":\"https:\\\/\\\/ebroacero.com\\\/control-de-calidad\\\/#primaryimage\"},\"thumbnailUrl\":\"https:\\\/\\\/ebroacero.com\\\/wp-content\\\/uploads\\\/Control-de-calidad_1.jpg\",\"datePublished\":\"2026-03-30T08:44:13+00:00\",\"dateModified\":\"2026-03-30T09:40:54+00:00\",\"description\":\"Control de calidad en Ebroacero: inspecci\u00f3n rigurosa, trazabilidad total y cumplimiento normativo para garantizar productos de acero fiables\",\"breadcrumb\":{\"@id\":\"https:\\\/\\\/ebroacero.com\\\/control-de-calidad\\\/#breadcrumb\"},\"inLanguage\":\"fr-FR\",\"potentialAction\":[{\"@type\":\"ReadAction\",\"target\":[\"https:\\\/\\\/ebroacero.com\\\/control-de-calidad\\\/\"]}]},{\"@type\":\"ImageObject\",\"inLanguage\":\"fr-FR\",\"@id\":\"https:\\\/\\\/ebroacero.com\\\/control-de-calidad\\\/#primaryimage\",\"url\":\"https:\\\/\\\/ebroacero.com\\\/wp-content\\\/uploads\\\/Control-de-calidad_1.jpg\",\"contentUrl\":\"https:\\\/\\\/ebroacero.com\\\/wp-content\\\/uploads\\\/Control-de-calidad_1.jpg\"},{\"@type\":\"BreadcrumbList\",\"@id\":\"https:\\\/\\\/ebroacero.com\\\/control-de-calidad\\\/#breadcrumb\",\"itemListElement\":[{\"@type\":\"ListItem\",\"position\":1,\"name\":\"Portada\",\"item\":\"https:\\\/\\\/ebroacero.com\\\/\"},{\"@type\":\"ListItem\",\"position\":2,\"name\":\"Control de calidad\"}]},{\"@type\":\"WebSite\",\"@id\":\"https:\\\/\\\/ebroacero.com\\\/#website\",\"url\":\"https:\\\/\\\/ebroacero.com\\\/\",\"name\":\"Ebroacero S.A.\",\"description\":\"Fundici\u00f3n de acero moldeado y fundiciones aleadas para todo tipo de aplicaciones industriales\",\"publisher\":{\"@id\":\"https:\\\/\\\/ebroacero.com\\\/#organization\"},\"potentialAction\":[{\"@type\":\"SearchAction\",\"target\":{\"@type\":\"EntryPoint\",\"urlTemplate\":\"https:\\\/\\\/ebroacero.com\\\/?s={search_term_string}\"},\"query-input\":{\"@type\":\"PropertyValueSpecification\",\"valueRequired\":true,\"valueName\":\"search_term_string\"}}],\"inLanguage\":\"fr-FR\"},{\"@type\":\"Organization\",\"@id\":\"https:\\\/\\\/ebroacero.com\\\/#organization\",\"name\":\"Ebroacero S.A.\",\"url\":\"https:\\\/\\\/ebroacero.com\\\/\",\"logo\":{\"@type\":\"ImageObject\",\"inLanguage\":\"fr-FR\",\"@id\":\"https:\\\/\\\/ebroacero.com\\\/#\\\/schema\\\/logo\\\/image\\\/\",\"url\":\"https:\\\/\\\/ebroacero.com\\\/wp-content\\\/uploads\\\/logo-ebroacero-h-w-180x48-1.png\",\"contentUrl\":\"https:\\\/\\\/ebroacero.com\\\/wp-content\\\/uploads\\\/logo-ebroacero-h-w-180x48-1.png\",\"width\":180,\"height\":48,\"caption\":\"Ebroacero S.A.\"},\"image\":{\"@id\":\"https:\\\/\\\/ebroacero.com\\\/#\\\/schema\\\/logo\\\/image\\\/\"}}]}<\/script>\n<!-- \/ Yoast SEO plugin. -->","yoast_head_json":{"title":"Contr\u00f4le de qualit\u00e9 - Ebroacero S.A.","description":"Control de calidad en Ebroacero: inspecci\u00f3n rigurosa, trazabilidad total y cumplimiento normativo para garantizar productos de acero fiables","robots":{"index":"index","follow":"follow","max-snippet":"max-snippet:-1","max-image-preview":"max-image-preview:large","max-video-preview":"max-video-preview:-1"},"canonical":"https:\/\/ebroacero.com\/fr\/controle-de-la-qualite\/","og_locale":"fr_FR","og_type":"article","og_title":"Control de calidad - Ebroacero S.A.","og_description":"Control de calidad en Ebroacero: inspecci\u00f3n rigurosa, trazabilidad total y cumplimiento normativo para garantizar productos de acero fiables","og_url":"https:\/\/ebroacero.com\/fr\/controle-de-la-qualite\/","og_site_name":"Ebroacero S.A.","article_modified_time":"2026-03-30T09:40:54+00:00","og_image":[{"url":"https:\/\/ebroacero.com\/wp-content\/uploads\/Control-de-calidad_1.jpg","type":"","width":"","height":""}],"twitter_card":"summary_large_image","twitter_misc":{"Dur\u00e9e de lecture estim\u00e9e":"1 minute"},"schema":{"@context":"https:\/\/schema.org","@graph":[{"@type":"WebPage","@id":"https:\/\/ebroacero.com\/control-de-calidad\/","url":"https:\/\/ebroacero.com\/control-de-calidad\/","name":"Contr\u00f4le de qualit\u00e9 - Ebroacero S.A.","isPartOf":{"@id":"https:\/\/ebroacero.com\/#website"},"primaryImageOfPage":{"@id":"https:\/\/ebroacero.com\/control-de-calidad\/#primaryimage"},"image":{"@id":"https:\/\/ebroacero.com\/control-de-calidad\/#primaryimage"},"thumbnailUrl":"https:\/\/ebroacero.com\/wp-content\/uploads\/Control-de-calidad_1.jpg","datePublished":"2026-03-30T08:44:13+00:00","dateModified":"2026-03-30T09:40:54+00:00","description":"Control de calidad en Ebroacero: inspecci\u00f3n rigurosa, trazabilidad total y cumplimiento normativo para garantizar productos de acero fiables","breadcrumb":{"@id":"https:\/\/ebroacero.com\/control-de-calidad\/#breadcrumb"},"inLanguage":"fr-FR","potentialAction":[{"@type":"ReadAction","target":["https:\/\/ebroacero.com\/control-de-calidad\/"]}]},{"@type":"ImageObject","inLanguage":"fr-FR","@id":"https:\/\/ebroacero.com\/control-de-calidad\/#primaryimage","url":"https:\/\/ebroacero.com\/wp-content\/uploads\/Control-de-calidad_1.jpg","contentUrl":"https:\/\/ebroacero.com\/wp-content\/uploads\/Control-de-calidad_1.jpg"},{"@type":"BreadcrumbList","@id":"https:\/\/ebroacero.com\/control-de-calidad\/#breadcrumb","itemListElement":[{"@type":"ListItem","position":1,"name":"Portada","item":"https:\/\/ebroacero.com\/"},{"@type":"ListItem","position":2,"name":"Control de calidad"}]},{"@type":"WebSite","@id":"https:\/\/ebroacero.com\/#website","url":"https:\/\/ebroacero.com\/","name":"Ebroacero S.A.","description":"Pi\u00e8ces moul\u00e9es en acier et en alliages pour toutes les applications industrielles","publisher":{"@id":"https:\/\/ebroacero.com\/#organization"},"potentialAction":[{"@type":"SearchAction","target":{"@type":"EntryPoint","urlTemplate":"https:\/\/ebroacero.com\/?s={search_term_string}"},"query-input":{"@type":"PropertyValueSpecification","valueRequired":true,"valueName":"search_term_string"}}],"inLanguage":"fr-FR"},{"@type":"Organization","@id":"https:\/\/ebroacero.com\/#organization","name":"Ebroacero S.A.","url":"https:\/\/ebroacero.com\/","logo":{"@type":"ImageObject","inLanguage":"fr-FR","@id":"https:\/\/ebroacero.com\/#\/schema\/logo\/image\/","url":"https:\/\/ebroacero.com\/wp-content\/uploads\/logo-ebroacero-h-w-180x48-1.png","contentUrl":"https:\/\/ebroacero.com\/wp-content\/uploads\/logo-ebroacero-h-w-180x48-1.png","width":180,"height":48,"caption":"Ebroacero S.A."},"image":{"@id":"https:\/\/ebroacero.com\/#\/schema\/logo\/image\/"}}]}},"_links":{"self":[{"href":"https:\/\/ebroacero.com\/fr\/wp-json\/wp\/v2\/pages\/2270","targetHints":{"allow":["GET"]}}],"collection":[{"href":"https:\/\/ebroacero.com\/fr\/wp-json\/wp\/v2\/pages"}],"about":[{"href":"https:\/\/ebroacero.com\/fr\/wp-json\/wp\/v2\/types\/page"}],"author":[{"embeddable":true,"href":"https:\/\/ebroacero.com\/fr\/wp-json\/wp\/v2\/users\/1"}],"replies":[{"embeddable":true,"href":"https:\/\/ebroacero.com\/fr\/wp-json\/wp\/v2\/comments?post=2270"}],"version-history":[{"count":4,"href":"https:\/\/ebroacero.com\/fr\/wp-json\/wp\/v2\/pages\/2270\/revisions"}],"predecessor-version":[{"id":6465,"href":"https:\/\/ebroacero.com\/fr\/wp-json\/wp\/v2\/pages\/2270\/revisions\/6465"}],"wp:attachment":[{"href":"https:\/\/ebroacero.com\/fr\/wp-json\/wp\/v2\/media?parent=2270"}],"curies":[{"name":"wp","href":"https:\/\/api.w.org\/{rel}","templated":true}]}}