{"id":19,"date":"2021-05-06T12:42:40","date_gmt":"2021-05-06T10:42:40","guid":{"rendered":"https:\/\/ebroacero.com\/?page_id=19"},"modified":"2023-04-15T13:45:46","modified_gmt":"2023-04-15T11:45:46","slug":"politique-de-confidentialite","status":"publish","type":"page","link":"https:\/\/ebroacero.com\/fr\/politica-de-privacidad\/","title":{"rendered":"Politique de confidentialit\u00e9"},"content":{"rendered":"<div data-elementor-type=\"wp-page\" data-elementor-id=\"19\" class=\"elementor elementor-19\" data-elementor-settings=\"{&quot;ha_cmc_init_switcher&quot;:&quot;no&quot;}\" data-elementor-post-type=\"page\">\n\t\t\t\t\t\t<section data-particle_enable=\"false\" data-particle-mobile-disabled=\"false\" class=\"elementor-section elementor-top-section elementor-element elementor-element-adf325c elementor-section-boxed elementor-section-height-default elementor-section-height-default\" data-id=\"adf325c\" data-element_type=\"section\" data-e-type=\"section\" data-settings=\"{&quot;_ha_eqh_enable&quot;:false}\">\n\t\t\t\t\t\t<div class=\"elementor-container elementor-column-gap-default\">\n\t\t\t\t\t<div class=\"elementor-column elementor-col-100 elementor-top-column elementor-element elementor-element-bc5e622\" data-id=\"bc5e622\" data-element_type=\"column\" data-e-type=\"column\">\n\t\t\t<div class=\"elementor-widget-wrap elementor-element-populated\">\n\t\t\t\t\t\t<div class=\"elementor-element elementor-element-8536372 elementor-widget elementor-widget-heading\" data-id=\"8536372\" data-element_type=\"widget\" data-e-type=\"widget\" data-widget_type=\"heading.default\">\n\t\t\t\t<div class=\"elementor-widget-container\">\n\t\t\t\t\t<h1 class=\"elementor-heading-title elementor-size-default\">POLITIQUE DE CONFIDENTIALIT\u00c9<\/h1>\t\t\t\t<\/div>\n\t\t\t\t<\/div>\n\t\t\t\t\t<\/div>\n\t\t<\/div>\n\t\t\t\t\t<\/div>\n\t\t<\/section>\n\t\t\t\t<section data-particle_enable=\"false\" data-particle-mobile-disabled=\"false\" class=\"elementor-section elementor-top-section elementor-element elementor-element-e7c1355 paginas-legales elementor-section-boxed elementor-section-height-default elementor-section-height-default\" data-id=\"e7c1355\" data-element_type=\"section\" data-e-type=\"section\" data-settings=\"{&quot;_ha_eqh_enable&quot;:false}\">\n\t\t\t\t\t\t<div class=\"elementor-container elementor-column-gap-default\">\n\t\t\t\t\t<div class=\"elementor-column elementor-col-100 elementor-top-column elementor-element elementor-element-31aa75ac\" data-id=\"31aa75ac\" data-element_type=\"column\" data-e-type=\"column\">\n\t\t\t<div class=\"elementor-widget-wrap elementor-element-populated\">\n\t\t\t\t\t\t<div class=\"elementor-element elementor-element-bab36b6 elementor-widget elementor-widget-text-editor\" data-id=\"bab36b6\" data-element_type=\"widget\" data-e-type=\"widget\" data-widget_type=\"text-editor.default\">\n\t\t\t\t<div class=\"elementor-widget-container\">\n\t\t\t\t\t\t\t\t\t<h2><strong>POLITIQUE DE CONFIDENTIALIT\u00c9<\/strong><\/h2><p>L'objectif est de rendre la transparence de l'information compatible avec une compr\u00e9hension ais\u00e9e de la mani\u00e8re dont elle est pr\u00e9sent\u00e9e aux utilisateurs, <strong>EBROACERO, S.A. <\/strong>pr\u00e9sente la politique de protection de la vie priv\u00e9e en deux phases (repr\u00e9sentation \u00e0 plusieurs niveaux ou repr\u00e9sentation \u00e0 l'\u00e9chelle de l'entreprise). <strong>double couche<\/strong>). Gr\u00e2ce \u00e0 ce syst\u00e8me, nous offrons \u00e0 nos visiteurs et utilisateurs des informations sur le traitement de leurs donn\u00e9es sous la forme d'un premier niveau d'information plus r\u00e9sum\u00e9 et concis. Si vous souhaitez obtenir des informations plus d\u00e9taill\u00e9es, un deuxi\u00e8me niveau d'information, plus complet et plus d\u00e9taill\u00e9, est disponible via le lien : <span style=\"color: ##415364;\"><strong>\"+ d'informations\"<\/strong><\/span>. Il identifie les diff\u00e9rents aspects du traitement effectu\u00e9 par <strong>EBROACERO, S.A.<\/strong><\/p><table class=\"privacidad-tabla\"><thead><tr><th width=\"150px\">Rubrique<\/th><th>Description<\/th><th width=\"150px\">Lien<\/th><\/tr><\/thead><tbody><tr class=\"titulos\"><td data-titulo=\"Ep\u00edgrafe:\">Responsable du traitement des donn\u00e9es<\/td><td data-titulo=\"Descripci\u00f3n:\">Les donn\u00e9es trait\u00e9es sont strictement n\u00e9cessaires, appropri\u00e9es et pertinentes pour chaque finalit\u00e9.<\/td><td data-titulo=\"Enlace:\"><a href=\"#_Responsable_del_tratamiento\"><strong>+ d'informations<\/strong><\/a><\/td><\/tr><tr class=\"titulos\"><td data-titulo=\"Ep\u00edgrafe:\">Objectif<\/td><td data-titulo=\"Descripci\u00f3n:\">La finalit\u00e9 du traitement des donn\u00e9es effectu\u00e9 sera conforme aux activit\u00e9s des d\u00e9partements de <strong>EBROACERO, S.A.<\/strong>\u00a0principalement la mise en \u00e9vidence : <strong>\"Fonderie d'acier<\/strong>.<\/td><td data-titulo=\"Enlace:\"><a href=\"#_Finalidad\"><strong>+ d'informations<\/strong><\/a><\/td><\/tr><tr class=\"titulos\"><td data-titulo=\"Ep\u00edgrafe:\">L\u00e9gitimation<\/td><td data-titulo=\"Descripci\u00f3n:\">Le traitement des donn\u00e9es est fond\u00e9 sur les hypoth\u00e8ses \u00e9nonc\u00e9es \u00e0 l'article 6 du GDPR. Dans le cas de <strong>EBROACERO, S.A.<\/strong>\u00a0ce traitement est normalement effectu\u00e9 lorsque la personne concern\u00e9e a donn\u00e9 son consentement au traitement de ses donn\u00e9es \u00e0 caract\u00e8re personnel pour une ou plusieurs finalit\u00e9s sp\u00e9cifiques.<\/td><td data-titulo=\"Enlace:\"><a href=\"#_Base_juridica_del_tratamiento\"><strong>+ d'informations<\/strong><\/a><\/td><\/tr><tr class=\"titulos\"><td data-titulo=\"Ep\u00edgrafe:\">Conservation des donn\u00e9es<\/td><td data-titulo=\"Descripci\u00f3n:\">Les donn\u00e9es \u00e0 caract\u00e8re personnel fournies seront conserv\u00e9es pendant la dur\u00e9e n\u00e9cessaire \u00e0 la r\u00e9alisation de l'objectif pour lequel elles ont \u00e9t\u00e9 collect\u00e9es et pour d\u00e9terminer toute responsabilit\u00e9 \u00e9ventuelle pouvant d\u00e9couler de cet objectif, en plus des p\u00e9riodes de conservation l\u00e9gales qui exigent qu'elles soient conserv\u00e9es (par exemple, les obligations fiscales).<\/td><td data-titulo=\"Enlace:\"><a href=\"#_Plazo_de_conservacion\"><strong>+ d'informations<\/strong><\/a><\/td><\/tr><tr class=\"titulos\"><td data-titulo=\"Ep\u00edgrafe:\">Communication de donn\u00e9es<\/td><td data-titulo=\"Descripci\u00f3n:\"><p>En g\u00e9n\u00e9ral, les donn\u00e9es personnelles ne sont pas divulgu\u00e9es \u00e0 des tiers, sauf en cas d'obligation l\u00e9gale :<\/p><ul><li>Une administration publique comp\u00e9tente<\/li><li>Banques\/institutions financi\u00e8res<\/li><\/ul><\/td><td data-titulo=\"Enlace:\"><a href=\"#_Categorias_de_destinatarios\"><strong>+ d'informations<\/strong><\/a><\/td><\/tr><tr class=\"titulos\"><td data-titulo=\"Ep\u00edgrafe:\">Droits des parties prenantes<\/td><td data-titulo=\"Descripci\u00f3n:\">Nous reconnaissons \u00e0 nos visiteurs et utilisateurs l'exercice des droits d'acc\u00e8s, de rectification, d'effacement et de portabilit\u00e9 de leurs donn\u00e9es, de limitation et d'opposition \u00e0 leur traitement, ainsi que le droit de ne pas faire l'objet de d\u00e9cisions fond\u00e9es exclusivement sur le traitement automatis\u00e9 de leurs donn\u00e9es, le cas \u00e9ch\u00e9ant, avant l'entr\u00e9e en vigueur de la loi sur la protection des donn\u00e9es. <a href=\"https:\/\/www.aepd.es\/es\" target=\"_blank\" rel=\"noopener\"><strong>Agence espagnole de protection des donn\u00e9es<\/strong><\/a>.<\/td><td data-titulo=\"Enlace:\"><a href=\"#_Ejercer_derechos_de_control\"><strong>+ d'informations<\/strong><\/a><\/td><\/tr><tr class=\"titulos\"><td data-titulo=\"Ep\u00edgrafe:\">Info. suppl\u00e9mentaires<\/td><td data-titulo=\"Descripci\u00f3n:\"><p>Ce site web utilise ses propres cookies et ceux de tiers pour analyser le trafic web, ainsi que pour pouvoir personnaliser les informations qu'il offre \u00e0 ses utilisateurs ou promouvoir ses services. Informations pour modifier cette configuration et obtenir plus de d\u00e9tails sur notre politique en mati\u00e8re de cookies sur le bouton. <a href=\"\/fr\/politique-en-matiere-de-cookies\/\" target=\"_blank\" rel=\"noopener\"> <strong>\"Politique en mati\u00e8re de cookies<\/strong><\/a>.<\/p><p>Le site web dont il est propri\u00e9taire <strong>EBROACERO, S.A.<\/strong>\u00a0contient des hyperliens vers d'autres sites web de tiers, dont les politiques de confidentialit\u00e9 ne sont pas li\u00e9es \u00e0 celles de cette administration. En acc\u00e9dant \u00e0 ces sites web, vous pouvez d\u00e9cider d'accepter ou non leurs politiques en mati\u00e8re de confidentialit\u00e9 et de cookies. En g\u00e9n\u00e9ral, si vous naviguez sur Internet, vous pouvez accepter ou refuser les cookies de tiers \u00e0 partir des options de configuration de votre navigateur.<\/p><\/td><td data-titulo=\"Enlace:\"><a href=\"\/fr\/politique-en-matiere-de-cookies\/\" target=\"_blank\" rel=\"noopener\"> <strong>+ Politique en mati\u00e8re de cookies<\/strong><\/a><\/td><\/tr><\/tbody><\/table><h2>\u00a0<\/h2><h2 style=\"margin-bottom: 15px;\"><strong>POLITIQUE DE CONFIDENTIALIT\u00c9<\/strong><\/h2><h3><a name=\"_Responsable_del_tratamiento\"><\/a>Responsable du traitement des donn\u00e9es<\/h3><ul><li>Responsable : <strong>EBROACERO, S.A.<\/strong><\/li><li>NUM\u00c9RO DE TVA : <strong>A50009844<\/strong><\/li><li>Adresse :<strong> Calle Argualas 20 - 50012 Saragosse<\/strong><\/li><li>T\u00e9l\u00e9phone : <strong>+34 976 564 625<\/strong><\/li><li>Courriel : <strong>info@ebroacero.com<\/strong><\/li><\/ul><p><a name=\"_Finalidad\"><\/a><\/p><h3>Objectif<\/h3><ol type=\"a\"><li><strong>Fourniture de services aux clients existants et\/ou potentiels<\/strong><\/li><\/ol><p>Fonderie d'acier.<\/p><p>Envoi d'informations commerciales sur nos produits et\/ou services.<\/p><ol start=\"2\" type=\"a\"><li><strong>Fournisseurs et tiers<\/strong><\/li><\/ol><p>l'externalisation de services \u00e0 des tiers (entreprises, ind\u00e9pendants, fondations, associations, etc.)<\/p><ol start=\"3\" type=\"a\"><li><strong>Ressources humaines<\/strong><\/li><\/ol><p>Gestion du personnel<\/p><p>Dossier personnel. Contr\u00f4le du temps. Incompatibilit\u00e9s. Formation. R\u00e9gimes de retraite. Pr\u00e9vention des risques professionnels.<\/p><p>D\u00e9livrance des fiches de paie du personnel, ainsi que de tous les produits qui en d\u00e9coulent.<\/p><p>Gestion des activit\u00e9s syndicales (le cas \u00e9ch\u00e9ant).<\/p><ol start=\"4\" type=\"a\"><li><strong>Vid\u00e9osurveillance<\/strong><\/li><\/ol><p>Assurer la s\u00e9curit\u00e9 des personnes, des biens et des installations.<\/p><h3><a name=\"_Base_juridica_del_tratamiento\"><\/a> Base juridique du traitement<\/h3><ul><li>GDPR : 6.1.a) la personne concern\u00e9e a consenti au traitement de ses donn\u00e9es \u00e0 caract\u00e8re personnel pour une ou plusieurs finalit\u00e9s d\u00e9termin\u00e9es ;<\/li><li>GDPR : 6.1.b) Traitement n\u00e9cessaire \u00e0 l'ex\u00e9cution d'un contrat auquel la personne concern\u00e9e est partie ou \u00e0 la mise en \u0153uvre, \u00e0 la demande de la personne concern\u00e9e, de mesures pr\u00e9contractuelles ;<\/li><li>GDPR : 6.1. c) le traitement est n\u00e9cessaire au respect d'une obligation l\u00e9gale applicable au responsable du traitement ;<\/li><li>R\u00e8glement g\u00e9n\u00e9ral sur la protection des donn\u00e9es ;<\/li><li>Loi organique 3\/2018, du 5 d\u00e9cembre, sur la protection des donn\u00e9es \u00e0 caract\u00e8re personnel et la garantie des droits num\u00e9riques ;<\/li><li>Loi 34\/2002, du 11 juillet, sur les services de la soci\u00e9t\u00e9 de l'information et le commerce \u00e9lectronique (applicable \u00e0 la messagerie, au rrss et aux ventes en ligne).<\/li><\/ul><p><span style=\"color: #17365d;\"><strong>*<\/strong><\/span> \"Vous avez le droit de retirer votre consentement\".<\/p><h3>Collectifs<\/h3><ul><li>Clients et utilisateurs actuels et potentiels<\/li><li>Professionnels et partenaires<\/li><li>Travailleurs et candidats potentiels<\/li><li>Personnes transitant dans les locaux de l'entit\u00e9<\/li><\/ul><h3>Cat\u00e9gories de donn\u00e9es \u00e0 caract\u00e8re personnel<\/h3><ul><li>Donn\u00e9es d'identit\u00e9 (nom, pr\u00e9nom, num\u00e9ro d'identification, adresse postale, num\u00e9ro de t\u00e9l\u00e9phone, adresse \u00e9lectronique, site web)<\/li><li>Autres donn\u00e9es personnelles<\/li><li>Coordonn\u00e9es bancaires<\/li><li>Informations commerciales<\/li><li>Achat et vente de biens ou de services<\/li><\/ul><h3><a name=\"_Categorias_de_destinatarios\"><\/a> Cat\u00e9gories de destinataires<\/h3><p>Les donn\u00e9es personnelles des clients seront communiqu\u00e9es aux destinataires suivants :<\/p><ul><li>Administrations publiques (par exemple, l'agence fiscale, la s\u00e9curit\u00e9 sociale)<\/li><li>Organismes judiciaires \"Le cas \u00e9ch\u00e9ant\" (tribunaux)<\/li><li>Institutions financi\u00e8res (banques)<\/li><li>Entit\u00e9s collaboratrices<\/li><\/ul><h3>Transferts internationaux<\/h3><p>Aucun transfert international de donn\u00e9es n'est pr\u00e9vu.<\/p><h3><a name=\"_Plazo_de_conservacion\"><\/a> P\u00e9riode de conservation des donn\u00e9es<\/h3><p>Elles seront conserv\u00e9es pendant la dur\u00e9e n\u00e9cessaire \u00e0 la r\u00e9alisation de la finalit\u00e9 pour laquelle elles ont \u00e9t\u00e9 collect\u00e9es et \u00e0 la d\u00e9termination de toute responsabilit\u00e9 \u00e9ventuelle pouvant d\u00e9couler de cette finalit\u00e9 et du traitement des donn\u00e9es.<\/p><h3>Mesures de s\u00e9curit\u00e9<\/h3><p>Conform\u00e9ment aux dispositions de l'article 32 du RGPD, <strong>EBROACERO, S.A. <\/strong>\u00a0garantir la confidentialit\u00e9, l'int\u00e9grit\u00e9, la disponibilit\u00e9 et la r\u00e9silience constantes des syst\u00e8mes et services de traitement. Le niveau de s\u00e9curit\u00e9 est proportionn\u00e9 au risque li\u00e9 au traitement de chaque type de donn\u00e9es \u00e0 caract\u00e8re personnel.<\/p><h3><a name=\"_Ejercer_derechos_de_control\"><\/a> Exercer des droits de contr\u00f4le sur vos donn\u00e9es<\/h3><p>Nous reconnaissons \u00e0 nos visiteurs et utilisateurs les droits d'acc\u00e8s, de rectification, d'effacement et de portabilit\u00e9 de leurs donn\u00e9es, ainsi que la limitation de leur traitement ou l'opposition \u00e0 celui-ci, qu'ils peuvent exercer de la mani\u00e8re l\u00e9galement pr\u00e9vue aux adresses indiqu\u00e9es ci-dessus.<\/p><p>Pour plus d'informations sur la mani\u00e8re d'exercer vos droits, l'autorit\u00e9 de contr\u00f4le espagnole, l'Agencia Espa\u00f1ola de Protecci\u00f3n de Datos, met \u00e0 votre disposition le lien suivant avec sa description et le formulaire pour nous envoyer la demande : <a href=\"https:\/\/www.aepd.es\/es\/derechos-y-deberes\/conoce-tus-derechos\" target=\"_blank\" rel=\"noopener\"><strong>Exercice des droits<\/strong><\/a><\/p><p>Pour toute information ou question concernant le traitement de vos donn\u00e9es par <strong>EBROACERO, S.A.<\/strong>Veuillez nous contacter \u00e0 l'adresse \u00e9lectronique fournie. <strong>info@ebroacero.com<\/strong>.<\/p><h3>R\u00e9clamation (plainte) aupr\u00e8s de l'AEPD<\/h3><p>Si vous estimez, apr\u00e8s nous avoir contact\u00e9s, que vos droits ne sont pas respect\u00e9s, vous pouvez d\u00e9poser une plainte aupr\u00e8s du <a href=\"https:\/\/www.aepd.es\/\" target=\"_blank\" rel=\"noopener\">AEPD<\/a>.<\/p><p><strong>EBROACERO, S.A.<\/strong><br \/><strong>20 rue Argualas<\/strong><br \/><strong>50012 Saragosse<\/strong><br \/><strong>Courriel : info@ebroacero.com<\/strong><\/p><div class=\"enlaces-externos\"><p>1.- <a href=\"https:\/\/www.cnil.fr\/fr\/donnees-personnelles\" target=\"_blank\" rel=\"noopener\"><em>La Commission Nationale de l'informatique et des Libert\u00e9s<\/em><\/a><\/p><p>2.- <a href=\"https:\/\/www.aepd.es\/es\/politica-de-privacidad-y-aviso-legal\" target=\"_blank\" rel=\"noopener\">L'Agence espagnole de protection des donn\u00e9es<\/a><\/p><p>3.- <a href=\"https:\/\/www.aragon.es\/-\/politica-de-privacidad\" target=\"_blank\" rel=\"noopener\"><em>Gouvernement d'Aragon<\/em><\/a><\/p><\/div>\t\t\t\t\t\t\t\t<\/div>\n\t\t\t\t<\/div>\n\t\t\t\t\t<\/div>\n\t\t<\/div>\n\t\t\t\t\t<\/div>\n\t\t<\/section>\n\t\t\t\t<\/div>","protected":false},"excerpt":{"rendered":"<p>POL\u00cdTICA DE PRIVACIDAD POL\u00cdTICA DE PRIVACIDAD Con la finalidad de compatibilizar la transparencia de la informaci\u00f3n, con una f\u00e1cil comprensi\u00f3n [&hellip;]<\/p>\n","protected":false},"author":1,"featured_media":0,"parent":0,"menu_order":0,"comment_status":"closed","ping_status":"closed","template":"","meta":{"site-sidebar-layout":"no-sidebar","site-content-layout":"page-builder","ast-site-content-layout":"default","site-content-style":"default","site-sidebar-style":"default","ast-global-header-display":"","ast-banner-title-visibility":"","ast-main-header-display":"","ast-hfb-above-header-display":"","ast-hfb-below-header-display":"","ast-hfb-mobile-header-display":"","site-post-title":"disabled","ast-breadcrumbs-content":"","ast-featured-img":"disabled","footer-sml-layout":"","ast-disable-related-posts":"","theme-transparent-header-meta":"enabled","adv-header-id-meta":"","stick-header-meta":"","header-above-stick-meta":"","header-main-stick-meta":"","header-below-stick-meta":"","astra-migrate-meta-layouts":"default","ast-page-background-enabled":"default","ast-page-background-meta":{"desktop":{"background-color":"var(--ast-global-color-5)","background-image":"","background-repeat":"repeat","background-position":"center center","background-size":"auto","background-attachment":"scroll","background-type":"","background-media":"","overlay-type":"","overlay-color":"","overlay-opacity":"","overlay-gradient":""},"tablet":{"background-color":"","background-image":"","background-repeat":"repeat","background-position":"center center","background-size":"auto","background-attachment":"scroll","background-type":"","background-media":"","overlay-type":"","overlay-color":"","overlay-opacity":"","overlay-gradient":""},"mobile":{"background-color":"","background-image":"","background-repeat":"repeat","background-position":"center center","background-size":"auto","background-attachment":"scroll","background-type":"","background-media":"","overlay-type":"","overlay-color":"","overlay-opacity":"","overlay-gradient":""}},"ast-content-background-meta":{"desktop":{"background-color":"var(--ast-global-color-4)","background-image":"","background-repeat":"repeat","background-position":"center center","background-size":"auto","background-attachment":"scroll","background-type":"","background-media":"","overlay-type":"","overlay-color":"","overlay-opacity":"","overlay-gradient":""},"tablet":{"background-color":"var(--ast-global-color-4)","background-image":"","background-repeat":"repeat","background-position":"center center","background-size":"auto","background-attachment":"scroll","background-type":"","background-media":"","overlay-type":"","overlay-color":"","overlay-opacity":"","overlay-gradient":""},"mobile":{"background-color":"var(--ast-global-color-4)","background-image":"","background-repeat":"repeat","background-position":"center center","background-size":"auto","background-attachment":"scroll","background-type":"","background-media":"","overlay-type":"","overlay-color":"","overlay-opacity":"","overlay-gradient":""}},"footnotes":""},"class_list":["post-19","page","type-page","status-publish","hentry"],"yoast_head":"<!-- This site is optimized with the Yoast SEO plugin v27.3 - https:\/\/yoast.com\/product\/yoast-seo-wordpress\/ -->\n<title>Pol\u00edtica de Privacidad - Ebroacero S.A.<\/title>\n<meta name=\"robots\" content=\"index, follow, max-snippet:-1, max-image-preview:large, max-video-preview:-1\" \/>\n<link rel=\"canonical\" href=\"https:\/\/ebroacero.com\/fr\/politique-de-confidentialite\/\" \/>\n<meta property=\"og:locale\" content=\"fr_FR\" \/>\n<meta property=\"og:type\" content=\"article\" \/>\n<meta property=\"og:title\" content=\"Pol\u00edtica de Privacidad - Ebroacero S.A.\" \/>\n<meta property=\"og:description\" content=\"POL\u00cdTICA DE PRIVACIDAD POL\u00cdTICA DE PRIVACIDAD Con la finalidad de compatibilizar la transparencia de la informaci\u00f3n, con una f\u00e1cil comprensi\u00f3n [&hellip;]\" \/>\n<meta property=\"og:url\" content=\"https:\/\/ebroacero.com\/fr\/politique-de-confidentialite\/\" \/>\n<meta property=\"og:site_name\" content=\"Ebroacero S.A.\" \/>\n<meta property=\"article:modified_time\" content=\"2023-04-15T11:45:46+00:00\" \/>\n<meta name=\"twitter:card\" content=\"summary_large_image\" \/>\n<meta name=\"twitter:label1\" content=\"Dur\u00e9e de lecture estim\u00e9e\" \/>\n\t<meta name=\"twitter:data1\" content=\"5 minutes\" \/>\n<script type=\"application\/ld+json\" class=\"yoast-schema-graph\">{\"@context\":\"https:\\\/\\\/schema.org\",\"@graph\":[{\"@type\":\"WebPage\",\"@id\":\"https:\\\/\\\/ebroacero.com\\\/politica-de-privacidad\\\/\",\"url\":\"https:\\\/\\\/ebroacero.com\\\/politica-de-privacidad\\\/\",\"name\":\"Pol\u00edtica de Privacidad - Ebroacero S.A.\",\"isPartOf\":{\"@id\":\"https:\\\/\\\/ebroacero.com\\\/#website\"},\"datePublished\":\"2021-05-06T10:42:40+00:00\",\"dateModified\":\"2023-04-15T11:45:46+00:00\",\"breadcrumb\":{\"@id\":\"https:\\\/\\\/ebroacero.com\\\/politica-de-privacidad\\\/#breadcrumb\"},\"inLanguage\":\"fr-FR\",\"potentialAction\":[{\"@type\":\"ReadAction\",\"target\":[\"https:\\\/\\\/ebroacero.com\\\/politica-de-privacidad\\\/\"]}]},{\"@type\":\"BreadcrumbList\",\"@id\":\"https:\\\/\\\/ebroacero.com\\\/politica-de-privacidad\\\/#breadcrumb\",\"itemListElement\":[{\"@type\":\"ListItem\",\"position\":1,\"name\":\"Portada\",\"item\":\"https:\\\/\\\/ebroacero.com\\\/\"},{\"@type\":\"ListItem\",\"position\":2,\"name\":\"Pol\u00edtica de Privacidad\"}]},{\"@type\":\"WebSite\",\"@id\":\"https:\\\/\\\/ebroacero.com\\\/#website\",\"url\":\"https:\\\/\\\/ebroacero.com\\\/\",\"name\":\"Ebroacero S.A.\",\"description\":\"Fundici\u00f3n de acero moldeado y fundiciones aleadas para todo tipo de aplicaciones industriales\",\"publisher\":{\"@id\":\"https:\\\/\\\/ebroacero.com\\\/#organization\"},\"potentialAction\":[{\"@type\":\"SearchAction\",\"target\":{\"@type\":\"EntryPoint\",\"urlTemplate\":\"https:\\\/\\\/ebroacero.com\\\/?s={search_term_string}\"},\"query-input\":{\"@type\":\"PropertyValueSpecification\",\"valueRequired\":true,\"valueName\":\"search_term_string\"}}],\"inLanguage\":\"fr-FR\"},{\"@type\":\"Organization\",\"@id\":\"https:\\\/\\\/ebroacero.com\\\/#organization\",\"name\":\"Ebroacero S.A.\",\"url\":\"https:\\\/\\\/ebroacero.com\\\/\",\"logo\":{\"@type\":\"ImageObject\",\"inLanguage\":\"fr-FR\",\"@id\":\"https:\\\/\\\/ebroacero.com\\\/#\\\/schema\\\/logo\\\/image\\\/\",\"url\":\"https:\\\/\\\/ebroacero.com\\\/wp-content\\\/uploads\\\/logo-ebroacero-h-w-180x48-1.png\",\"contentUrl\":\"https:\\\/\\\/ebroacero.com\\\/wp-content\\\/uploads\\\/logo-ebroacero-h-w-180x48-1.png\",\"width\":180,\"height\":48,\"caption\":\"Ebroacero S.A.\"},\"image\":{\"@id\":\"https:\\\/\\\/ebroacero.com\\\/#\\\/schema\\\/logo\\\/image\\\/\"}}]}<\/script>\n<!-- \/ Yoast SEO plugin. -->","yoast_head_json":{"title":"Politique de confidentialit\u00e9 - Ebroacero S.A.","robots":{"index":"index","follow":"follow","max-snippet":"max-snippet:-1","max-image-preview":"max-image-preview:large","max-video-preview":"max-video-preview:-1"},"canonical":"https:\/\/ebroacero.com\/fr\/politique-de-confidentialite\/","og_locale":"fr_FR","og_type":"article","og_title":"Pol\u00edtica de Privacidad - Ebroacero S.A.","og_description":"POL\u00cdTICA DE PRIVACIDAD POL\u00cdTICA DE PRIVACIDAD Con la finalidad de compatibilizar la transparencia de la informaci\u00f3n, con una f\u00e1cil comprensi\u00f3n [&hellip;]","og_url":"https:\/\/ebroacero.com\/fr\/politique-de-confidentialite\/","og_site_name":"Ebroacero S.A.","article_modified_time":"2023-04-15T11:45:46+00:00","twitter_card":"summary_large_image","twitter_misc":{"Dur\u00e9e de lecture estim\u00e9e":"5 minutes"},"schema":{"@context":"https:\/\/schema.org","@graph":[{"@type":"WebPage","@id":"https:\/\/ebroacero.com\/politica-de-privacidad\/","url":"https:\/\/ebroacero.com\/politica-de-privacidad\/","name":"Politique de confidentialit\u00e9 - Ebroacero S.A.","isPartOf":{"@id":"https:\/\/ebroacero.com\/#website"},"datePublished":"2021-05-06T10:42:40+00:00","dateModified":"2023-04-15T11:45:46+00:00","breadcrumb":{"@id":"https:\/\/ebroacero.com\/politica-de-privacidad\/#breadcrumb"},"inLanguage":"fr-FR","potentialAction":[{"@type":"ReadAction","target":["https:\/\/ebroacero.com\/politica-de-privacidad\/"]}]},{"@type":"BreadcrumbList","@id":"https:\/\/ebroacero.com\/politica-de-privacidad\/#breadcrumb","itemListElement":[{"@type":"ListItem","position":1,"name":"Portada","item":"https:\/\/ebroacero.com\/"},{"@type":"ListItem","position":2,"name":"Pol\u00edtica de Privacidad"}]},{"@type":"WebSite","@id":"https:\/\/ebroacero.com\/#website","url":"https:\/\/ebroacero.com\/","name":"Ebroacero S.A.","description":"Pi\u00e8ces moul\u00e9es en acier et en alliages pour toutes les applications industrielles","publisher":{"@id":"https:\/\/ebroacero.com\/#organization"},"potentialAction":[{"@type":"SearchAction","target":{"@type":"EntryPoint","urlTemplate":"https:\/\/ebroacero.com\/?s={search_term_string}"},"query-input":{"@type":"PropertyValueSpecification","valueRequired":true,"valueName":"search_term_string"}}],"inLanguage":"fr-FR"},{"@type":"Organization","@id":"https:\/\/ebroacero.com\/#organization","name":"Ebroacero S.A.","url":"https:\/\/ebroacero.com\/","logo":{"@type":"ImageObject","inLanguage":"fr-FR","@id":"https:\/\/ebroacero.com\/#\/schema\/logo\/image\/","url":"https:\/\/ebroacero.com\/wp-content\/uploads\/logo-ebroacero-h-w-180x48-1.png","contentUrl":"https:\/\/ebroacero.com\/wp-content\/uploads\/logo-ebroacero-h-w-180x48-1.png","width":180,"height":48,"caption":"Ebroacero S.A."},"image":{"@id":"https:\/\/ebroacero.com\/#\/schema\/logo\/image\/"}}]}},"_links":{"self":[{"href":"https:\/\/ebroacero.com\/fr\/wp-json\/wp\/v2\/pages\/19","targetHints":{"allow":["GET"]}}],"collection":[{"href":"https:\/\/ebroacero.com\/fr\/wp-json\/wp\/v2\/pages"}],"about":[{"href":"https:\/\/ebroacero.com\/fr\/wp-json\/wp\/v2\/types\/page"}],"author":[{"embeddable":true,"href":"https:\/\/ebroacero.com\/fr\/wp-json\/wp\/v2\/users\/1"}],"replies":[{"embeddable":true,"href":"https:\/\/ebroacero.com\/fr\/wp-json\/wp\/v2\/comments?post=19"}],"version-history":[{"count":0,"href":"https:\/\/ebroacero.com\/fr\/wp-json\/wp\/v2\/pages\/19\/revisions"}],"wp:attachment":[{"href":"https:\/\/ebroacero.com\/fr\/wp-json\/wp\/v2\/media?parent=19"}],"curies":[{"name":"wp","href":"https:\/\/api.w.org\/{rel}","templated":true}]}}