{"id":2250,"date":"2026-03-30T12:23:59","date_gmt":"2026-03-30T10:23:59","guid":{"rendered":"https:\/\/ebroacero.com\/?page_id=2250"},"modified":"2026-03-30T13:15:50","modified_gmt":"2026-03-30T11:15:50","slug":"heat-treatments","status":"publish","type":"page","link":"https:\/\/ebroacero.com\/en\/tratamientos-termicos\/","title":{"rendered":"Heat treatment"},"content":{"rendered":"<div data-elementor-type=\"wp-post\" data-elementor-id=\"2250\" class=\"elementor elementor-2250\" data-elementor-settings=\"{&quot;ha_cmc_init_switcher&quot;:&quot;no&quot;}\" data-elementor-post-type=\"page\">\n\t\t\t\t\t\t<section data-particle_enable=\"false\" data-particle-mobile-disabled=\"false\" class=\"elementor-section elementor-top-section elementor-element elementor-element-bc15bff elementor-section-content-middle elementor-section-height-min-height elementor-section-boxed elementor-section-height-default elementor-section-items-middle\" data-id=\"bc15bff\" data-element_type=\"section\" data-e-type=\"section\" data-settings=\"{&quot;background_background&quot;:&quot;classic&quot;,&quot;_ha_eqh_enable&quot;:false}\">\n\t\t\t\t\t\t\t<div class=\"elementor-background-overlay\"><\/div>\n\t\t\t\t\t\t\t<div class=\"elementor-container elementor-column-gap-no\">\n\t\t\t\t\t<div class=\"elementor-column elementor-col-100 elementor-top-column elementor-element elementor-element-0ce27b6\" data-id=\"0ce27b6\" data-element_type=\"column\" data-e-type=\"column\">\n\t\t\t<div class=\"elementor-widget-wrap elementor-element-populated\">\n\t\t\t\t\t\t<div class=\"elementor-element elementor-element-b4dc660 elementor-widget elementor-widget-heading\" data-id=\"b4dc660\" data-element_type=\"widget\" data-e-type=\"widget\" data-widget_type=\"heading.default\">\n\t\t\t\t<div class=\"elementor-widget-container\">\n\t\t\t\t\t<h1 class=\"elementor-heading-title elementor-size-default\">Heat treatment<\/h1>\t\t\t\t<\/div>\n\t\t\t\t<\/div>\n\t\t\t\t\t<\/div>\n\t\t<\/div>\n\t\t\t\t\t<\/div>\n\t\t<\/section>\n\t\t\t\t<section data-particle_enable=\"false\" data-particle-mobile-disabled=\"false\" class=\"elementor-section elementor-top-section elementor-element elementor-element-86c5ed3 elementor-section-content-middle elementor-section-full_width elementor-section-height-default elementor-section-height-default\" data-id=\"86c5ed3\" data-element_type=\"section\" data-e-type=\"section\" data-settings=\"{&quot;background_background&quot;:&quot;classic&quot;,&quot;_ha_eqh_enable&quot;:false}\">\n\t\t\t\t\t\t<div class=\"elementor-container elementor-column-gap-no\">\n\t\t\t\t\t<div class=\"elementor-column elementor-col-66 elementor-top-column elementor-element elementor-element-d16fcda\" data-id=\"d16fcda\" data-element_type=\"column\" data-e-type=\"column\">\n\t\t\t<div class=\"elementor-widget-wrap elementor-element-populated\">\n\t\t\t\t\t\t<div class=\"elementor-element elementor-element-6629ba6 elementor-widget elementor-widget-text-editor\" data-id=\"6629ba6\" data-element_type=\"widget\" data-e-type=\"widget\" data-widget_type=\"text-editor.default\">\n\t\t\t\t<div class=\"elementor-widget-container\">\n\t\t\t\t\t\t\t\t\t<h2>HEAT TREATMENT OF STEEL<\/h2><p data-path-to-node=\"8\">At <b data-path-to-node=\"8\" data-index-in-node=\"3\">Ebroacero<\/b>, We perform the necessary heat treatments for the different types of steels we manufacture, adapting each process to the requirements of the final industrial application. We precisely control heat cycles to optimize critical properties such as mechanical strength, toughness, dimensional stability and wear behavior.<\/p><p data-path-to-node=\"9\">We have the technical capacity to adjust each treatment to the specific requirements of your project, guaranteeing the metallurgical integrity of each part.<\/p>\t\t\t\t\t\t\t\t<\/div>\n\t\t\t\t<\/div>\n\t\t\t\t<section data-particle_enable=\"false\" data-particle-mobile-disabled=\"false\" class=\"elementor-section elementor-inner-section elementor-element elementor-element-7d4941b elementor-section-boxed elementor-section-height-default elementor-section-height-default\" data-id=\"7d4941b\" data-element_type=\"section\" data-e-type=\"section\" data-settings=\"{&quot;_ha_eqh_enable&quot;:false}\">\n\t\t\t\t\t\t<div class=\"elementor-container elementor-column-gap-default\">\n\t\t\t\t\t<div class=\"elementor-column elementor-col-100 elementor-inner-column elementor-element elementor-element-f793a0a\" data-id=\"f793a0a\" data-element_type=\"column\" data-e-type=\"column\">\n\t\t\t<div class=\"elementor-widget-wrap elementor-element-populated\">\n\t\t\t\t\t\t<div class=\"elementor-element elementor-element-d8344f4 elementor-widget elementor-widget-video\" data-id=\"d8344f4\" data-element_type=\"widget\" data-e-type=\"widget\" data-settings=\"{&quot;video_type&quot;:&quot;hosted&quot;,&quot;start&quot;:0,&quot;end&quot;:100,&quot;_animation&quot;:&quot;none&quot;,&quot;controls&quot;:&quot;yes&quot;}\" data-widget_type=\"video.default\">\n\t\t\t\t<div class=\"elementor-widget-container\">\n\t\t\t\t\t\t\t<div class=\"e-hosted-video elementor-wrapper elementor-open-inline\">\n\t\t\t\t\t<video class=\"elementor-video\" src=\"https:\/\/ebroacero.com\/wp-content\/uploads\/ebroacero-tratamientos-termicos_720.mp4#t=,100\" controls=\"\" preload=\"auto\" controlslist=\"nodownload\"><\/video>\n\t\t\t\t<\/div>\n\t\t\t\t\t\t<\/div>\n\t\t\t\t<\/div>\n\t\t\t\t<div class=\"elementor-element elementor-element-bc668ed elementor-widget elementor-widget-text-editor\" data-id=\"bc668ed\" data-element_type=\"widget\" data-e-type=\"widget\" data-widget_type=\"text-editor.default\">\n\t\t\t\t<div class=\"elementor-widget-container\">\n\t\t\t\t\t\t\t\t\t<h2>HEAT TREATMENT FURNACES<\/h2><p>Pa<span style=\"font-style: inherit; font-weight: inherit;\">For heat treatment, Ebroacero has four industrial furnaces that cover different production needs:<\/span><\/p><ul><li><strong>Rectangular mobile hearth furnace<\/strong> in which a maximum temperature of 1200\u00baC can be reached with a maximum load of 20 tons, dimensions 4000 x 3500 x 1970 mm.<\/li><li><strong>Rectangular mobile hearth furnace<\/strong> in which a maximum temperature of 1000\u00baC can be reached with a maximum load of 30 tons, with dimensions 6500 x 3500 x 1700 mm.<\/li><li><strong>Rectangular furnace<\/strong> in which a maximum temperature of 1200\u00baC can be reached with a maximum load of 3.5 tons, with dimensions 5000 x 1500 x 1700 mm.<\/li><li><strong>Circular pit furnace<\/strong> in which a maximum temperature of 1000\u00baC can be reached with a maximum load of 30 tons with dimensions of 6000mm diameter x 2500 mm height.<\/li><\/ul>\t\t\t\t\t\t\t\t<\/div>\n\t\t\t\t<\/div>\n\t\t\t\t<div class=\"elementor-element elementor-element-4c7c2f8 elementor-invisible elementor-widget elementor-widget-image\" data-id=\"4c7c2f8\" data-element_type=\"widget\" data-e-type=\"widget\" data-settings=\"{&quot;_animation&quot;:&quot;fadeInDown&quot;}\" data-widget_type=\"image.default\">\n\t\t\t\t<div class=\"elementor-widget-container\">\n\t\t\t\t\t\t\t\t\t\t\t\t\t\t\t\t<a href=\"https:\/\/ebroacero.com\/wp-content\/uploads\/Tratamientos-termicos_1.jpg\" data-elementor-open-lightbox=\"yes\" data-elementor-lightbox-title=\"Ebroacero Tratamientos t\u00e9rmicos\" data-e-action-hash=\"#elementor-action%3Aaction%3Dlightbox%26settings%3DeyJpZCI6Mjg1MiwidXJsIjoiaHR0cHM6XC9cL2Vicm9hY2Vyby5jb21cL3dwLWNvbnRlbnRcL3VwbG9hZHNcL1RyYXRhbWllbnRvcy10ZXJtaWNvc18xLmpwZyJ9\">\n\t\t\t\t\t\t\t<img fetchpriority=\"high\" decoding=\"async\" width=\"2000\" height=\"1333\" src=\"https:\/\/ebroacero.com\/wp-content\/uploads\/Tratamientos-termicos_1.jpg\" class=\"attachment-full size-full wp-image-2852\" alt=\"Ebroacero Heat treatments\" srcset=\"https:\/\/ebroacero.com\/wp-content\/uploads\/Tratamientos-termicos_1.jpg 2000w, https:\/\/ebroacero.com\/wp-content\/uploads\/Tratamientos-termicos_1-300x200.jpg 300w, https:\/\/ebroacero.com\/wp-content\/uploads\/Tratamientos-termicos_1-1024x682.jpg 1024w, https:\/\/ebroacero.com\/wp-content\/uploads\/Tratamientos-termicos_1-768x512.jpg 768w, https:\/\/ebroacero.com\/wp-content\/uploads\/Tratamientos-termicos_1-1536x1024.jpg 1536w, https:\/\/ebroacero.com\/wp-content\/uploads\/Tratamientos-termicos_1-18x12.jpg 18w\" sizes=\"(max-width: 2000px) 100vw, 2000px\" \/>\t\t\t\t\t\t\t\t<\/a>\n\t\t\t\t\t\t\t\t\t\t\t\t\t\t\t<\/div>\n\t\t\t\t<\/div>\n\t\t\t\t<div class=\"elementor-element elementor-element-f08887f elementor-widget elementor-widget-text-editor\" data-id=\"f08887f\" data-element_type=\"widget\" data-e-type=\"widget\" data-widget_type=\"text-editor.default\">\n\t\t\t\t<div class=\"elementor-widget-container\">\n\t\t\t\t\t\t\t\t\t<h2>TYPES OF HEAT TREATMENTS AT EBROACERO<\/h2>\n<p>We perform different heat treatments of steel according to the mechanical needs of each part:<\/p>\n<ul>\n<li><strong>Annealing<\/strong><\/li>\n<li><strong>Normalised<\/strong><\/li>\n<li><strong>Water quenching or air quenching<\/strong><\/li>\n<li><strong>Tempering<\/strong><\/li>\n<li><strong style=\"font-style: inherit;\">Stabilized or Stress Relieving<\/strong><\/li>\n<\/ul>\n<p><strong style=\"font-style: inherit;\">Each process is selected according to the type of steel and the final service conditions.<\/strong><\/p>\n<p>In quenching and tempering heat treatments, for example, we seek to improve hardness and mechanical strength without compromising toughness, while maintaining its impact absorption capacity. In other cases, such as normalizing, the objective is to homogenize the crystalline structure of the material after the casting phase, essential to eliminate casting heterogeneities and prepare the steel for subsequent processes, or in annealing, to eliminate internal stresses generated during solidification or machining, which improves the dimensional stability of the part and facilitates its ductility for critical operations.<\/p>\t\t\t\t\t\t\t\t<\/div>\n\t\t\t\t<\/div>\n\t\t\t\t\t<\/div>\n\t\t<\/div>\n\t\t\t\t\t<\/div>\n\t\t<\/section>\n\t\t\t\t\t<\/div>\n\t\t<\/div>\n\t\t\t\t<div class=\"elementor-column elementor-col-33 elementor-top-column elementor-element elementor-element-06e5047\" data-id=\"06e5047\" data-element_type=\"column\" data-e-type=\"column\" data-settings=\"{&quot;background_background&quot;:&quot;classic&quot;}\">\n\t\t\t<div class=\"elementor-widget-wrap elementor-element-populated\">\n\t\t\t\t\t<div class=\"elementor-background-overlay\"><\/div>\n\t\t\t\t\t\t<div class=\"elementor-element elementor-element-27afd4f elementor-widget elementor-widget-heading\" data-id=\"27afd4f\" data-element_type=\"widget\" data-e-type=\"widget\" data-widget_type=\"heading.default\">\n\t\t\t\t<div class=\"elementor-widget-container\">\n\t\t\t\t\t<h2 class=\"elementor-heading-title elementor-size-default\"><a href=\"\/en\/services\/\">Services<\/a><\/h2>\t\t\t\t<\/div>\n\t\t\t\t<\/div>\n\t\t\t\t<div class=\"elementor-element elementor-element-bdcde9a elementor-align-start elementor-icon-list--layout-traditional elementor-list-item-link-full_width elementor-widget elementor-widget-icon-list\" data-id=\"bdcde9a\" data-element_type=\"widget\" data-e-type=\"widget\" data-widget_type=\"icon-list.default\">\n\t\t\t\t<div class=\"elementor-widget-container\">\n\t\t\t\t\t\t\t<ul class=\"elementor-icon-list-items\">\n\t\t\t\t\t\t\t<li class=\"elementor-icon-list-item\">\n\t\t\t\t\t\t\t\t\t\t\t<a href=\"\/en\/office-technical-2\/\">\n\n\t\t\t\t\t\t\t\t\t\t\t\t<span class=\"elementor-icon-list-icon\">\n\t\t\t\t\t\t\t<i aria-hidden=\"true\" class=\"fas fa-chevron-right\"><\/i>\t\t\t\t\t\t<\/span>\n\t\t\t\t\t\t\t\t\t\t<span class=\"elementor-icon-list-text\">Technical office<\/span>\n\t\t\t\t\t\t\t\t\t\t\t<\/a>\n\t\t\t\t\t\t\t\t\t<\/li>\n\t\t\t\t\t\t\t\t<li class=\"elementor-icon-list-item\">\n\t\t\t\t\t\t\t\t\t\t\t<a href=\"\/en\/molding\/\">\n\n\t\t\t\t\t\t\t\t\t\t\t\t<span class=\"elementor-icon-list-icon\">\n\t\t\t\t\t\t\t<i aria-hidden=\"true\" class=\"fas fa-angle-right\"><\/i>\t\t\t\t\t\t<\/span>\n\t\t\t\t\t\t\t\t\t\t<span class=\"elementor-icon-list-text\">Molding<\/span>\n\t\t\t\t\t\t\t\t\t\t\t<\/a>\n\t\t\t\t\t\t\t\t\t<\/li>\n\t\t\t\t\t\t\t\t<li class=\"elementor-icon-list-item\">\n\t\t\t\t\t\t\t\t\t\t\t<a href=\"\/en\/fusion\/\">\n\n\t\t\t\t\t\t\t\t\t\t\t\t<span class=\"elementor-icon-list-icon\">\n\t\t\t\t\t\t\t<i aria-hidden=\"true\" class=\"fas fa-angle-right\"><\/i>\t\t\t\t\t\t<\/span>\n\t\t\t\t\t\t\t\t\t\t<span class=\"elementor-icon-list-text\">Fusion<\/span>\n\t\t\t\t\t\t\t\t\t\t\t<\/a>\n\t\t\t\t\t\t\t\t\t<\/li>\n\t\t\t\t\t\t\t\t<li class=\"elementor-icon-list-item\">\n\t\t\t\t\t\t\t\t\t\t\t<a href=\"\/en\/heat-treatments\/\">\n\n\t\t\t\t\t\t\t\t\t\t\t\t<span class=\"elementor-icon-list-icon\">\n\t\t\t\t\t\t\t<i aria-hidden=\"true\" class=\"fas fa-angle-right\"><\/i>\t\t\t\t\t\t<\/span>\n\t\t\t\t\t\t\t\t\t\t<span class=\"elementor-icon-list-text\">Heat treatment<\/span>\n\t\t\t\t\t\t\t\t\t\t\t<\/a>\n\t\t\t\t\t\t\t\t\t<\/li>\n\t\t\t\t\t\t\t\t<li class=\"elementor-icon-list-item\">\n\t\t\t\t\t\t\t\t\t\t\t<a href=\"\/en\/machining\/\">\n\n\t\t\t\t\t\t\t\t\t\t\t\t<span class=\"elementor-icon-list-icon\">\n\t\t\t\t\t\t\t<i aria-hidden=\"true\" class=\"fas fa-angle-right\"><\/i>\t\t\t\t\t\t<\/span>\n\t\t\t\t\t\t\t\t\t\t<span class=\"elementor-icon-list-text\">Machining<\/span>\n\t\t\t\t\t\t\t\t\t\t\t<\/a>\n\t\t\t\t\t\t\t\t\t<\/li>\n\t\t\t\t\t\t\t\t<li class=\"elementor-icon-list-item\">\n\t\t\t\t\t\t\t\t\t\t\t<a href=\"\/en\/laboratories\/\">\n\n\t\t\t\t\t\t\t\t\t\t\t\t<span class=\"elementor-icon-list-icon\">\n\t\t\t\t\t\t\t<i aria-hidden=\"true\" class=\"fas fa-angle-right\"><\/i>\t\t\t\t\t\t<\/span>\n\t\t\t\t\t\t\t\t\t\t<span class=\"elementor-icon-list-text\">Laboratories<\/span>\n\t\t\t\t\t\t\t\t\t\t\t<\/a>\n\t\t\t\t\t\t\t\t\t<\/li>\n\t\t\t\t\t\t\t\t<li class=\"elementor-icon-list-item\">\n\t\t\t\t\t\t\t\t\t\t\t<a href=\"\/en\/quality-control\/\">\n\n\t\t\t\t\t\t\t\t\t\t\t\t<span class=\"elementor-icon-list-icon\">\n\t\t\t\t\t\t\t<i aria-hidden=\"true\" class=\"fas fa-angle-right\"><\/i>\t\t\t\t\t\t<\/span>\n\t\t\t\t\t\t\t\t\t\t<span class=\"elementor-icon-list-text\">Quality control<\/span>\n\t\t\t\t\t\t\t\t\t\t\t<\/a>\n\t\t\t\t\t\t\t\t\t<\/li>\n\t\t\t\t\t\t\t\t<li class=\"elementor-icon-list-item\">\n\t\t\t\t\t\t\t\t\t\t\t<a href=\"\/en\/shot-blasting\/\">\n\n\t\t\t\t\t\t\t\t\t\t\t\t<span class=\"elementor-icon-list-icon\">\n\t\t\t\t\t\t\t<i aria-hidden=\"true\" class=\"fas fa-angle-right\"><\/i>\t\t\t\t\t\t<\/span>\n\t\t\t\t\t\t\t\t\t\t<span class=\"elementor-icon-list-text\">Shot blasting<\/span>\n\t\t\t\t\t\t\t\t\t\t\t<\/a>\n\t\t\t\t\t\t\t\t\t<\/li>\n\t\t\t\t\t\t<\/ul>\n\t\t\t\t\t\t<\/div>\n\t\t\t\t<\/div>\n\t\t\t\t\t<\/div>\n\t\t<\/div>\n\t\t\t\t\t<\/div>\n\t\t<\/section>\n\t\t\t\t<\/div>","protected":false},"excerpt":{"rendered":"<p>Tratamientos t\u00e9rmicos TRATAMIENTOS T\u00c9RMICOS DEL ACERO En Ebroacero, realizamos los tratamientos t\u00e9rmicos necesarios para los diferentes tipos de aceros que [&hellip;]<\/p>\n","protected":false},"author":1,"featured_media":0,"parent":0,"menu_order":0,"comment_status":"closed","ping_status":"closed","template":"","meta":{"site-sidebar-layout":"no-sidebar","site-content-layout":"page-builder","ast-site-content-layout":"default","site-content-style":"default","site-sidebar-style":"default","ast-global-header-display":"","ast-banner-title-visibility":"","ast-main-header-display":"","ast-hfb-above-header-display":"","ast-hfb-below-header-display":"","ast-hfb-mobile-header-display":"","site-post-title":"disabled","ast-breadcrumbs-content":"","ast-featured-img":"disabled","footer-sml-layout":"","ast-disable-related-posts":"","theme-transparent-header-meta":"enabled","adv-header-id-meta":"","stick-header-meta":"","header-above-stick-meta":"","header-main-stick-meta":"","header-below-stick-meta":"","astra-migrate-meta-layouts":"set","ast-page-background-enabled":"default","ast-page-background-meta":{"desktop":{"background-color":"var(--ast-global-color-5)","background-image":"","background-repeat":"repeat","background-position":"center center","background-size":"auto","background-attachment":"scroll","background-type":"","background-media":"","overlay-type":"","overlay-color":"","overlay-opacity":"","overlay-gradient":""},"tablet":{"background-color":"","background-image":"","background-repeat":"repeat","background-position":"center center","background-size":"auto","background-attachment":"scroll","background-type":"","background-media":"","overlay-type":"","overlay-color":"","overlay-opacity":"","overlay-gradient":""},"mobile":{"background-color":"","background-image":"","background-repeat":"repeat","background-position":"center center","background-size":"auto","background-attachment":"scroll","background-type":"","background-media":"","overlay-type":"","overlay-color":"","overlay-opacity":"","overlay-gradient":""}},"ast-content-background-meta":{"desktop":{"background-color":"var(--ast-global-color-4)","background-image":"","background-repeat":"repeat","background-position":"center center","background-size":"auto","background-attachment":"scroll","background-type":"","background-media":"","overlay-type":"","overlay-color":"","overlay-opacity":"","overlay-gradient":""},"tablet":{"background-color":"var(--ast-global-color-4)","background-image":"","background-repeat":"repeat","background-position":"center center","background-size":"auto","background-attachment":"scroll","background-type":"","background-media":"","overlay-type":"","overlay-color":"","overlay-opacity":"","overlay-gradient":""},"mobile":{"background-color":"var(--ast-global-color-4)","background-image":"","background-repeat":"repeat","background-position":"center center","background-size":"auto","background-attachment":"scroll","background-type":"","background-media":"","overlay-type":"","overlay-color":"","overlay-opacity":"","overlay-gradient":""}},"footnotes":""},"class_list":["post-2250","page","type-page","status-publish","hentry"],"yoast_head":"<!-- This site is optimized with the Yoast SEO plugin v27.4 - https:\/\/yoast.com\/product\/yoast-seo-wordpress\/ -->\n<title>Tratamientos t\u00e9rmicos - Ebroacero S.A.<\/title>\n<meta name=\"description\" content=\"Descubra c\u00f3mo los tratamientos t\u00e9rmicos de Ebroacero transforman el acero, asegurando m\u00e1xima fiabilidad y eficiencia para la industria.\" \/>\n<meta name=\"robots\" content=\"index, follow, max-snippet:-1, max-image-preview:large, max-video-preview:-1\" \/>\n<link rel=\"canonical\" href=\"https:\/\/ebroacero.com\/en\/heat-treatments\/\" \/>\n<meta property=\"og:locale\" content=\"en_US\" \/>\n<meta property=\"og:type\" content=\"article\" \/>\n<meta property=\"og:title\" content=\"Tratamientos t\u00e9rmicos - Ebroacero S.A.\" \/>\n<meta property=\"og:description\" content=\"Descubra c\u00f3mo los tratamientos t\u00e9rmicos de Ebroacero transforman el acero, asegurando m\u00e1xima fiabilidad y eficiencia para la industria.\" \/>\n<meta property=\"og:url\" content=\"https:\/\/ebroacero.com\/en\/heat-treatments\/\" \/>\n<meta property=\"og:site_name\" content=\"Ebroacero S.A.\" \/>\n<meta property=\"article:modified_time\" content=\"2026-03-30T11:15:50+00:00\" \/>\n<meta property=\"og:image\" content=\"https:\/\/ebroacero.com\/wp-content\/uploads\/Tratamientos-termicos_1.jpg\" \/>\n<meta name=\"twitter:card\" content=\"summary_large_image\" \/>\n<meta name=\"twitter:label1\" content=\"Est. reading time\" \/>\n\t<meta name=\"twitter:data1\" content=\"2 minutes\" \/>\n<script type=\"application\/ld+json\" class=\"yoast-schema-graph\">{\"@context\":\"https:\\\/\\\/schema.org\",\"@graph\":[{\"@type\":\"WebPage\",\"@id\":\"https:\\\/\\\/ebroacero.com\\\/tratamientos-termicos\\\/\",\"url\":\"https:\\\/\\\/ebroacero.com\\\/tratamientos-termicos\\\/\",\"name\":\"Tratamientos t\u00e9rmicos - Ebroacero S.A.\",\"isPartOf\":{\"@id\":\"https:\\\/\\\/ebroacero.com\\\/#website\"},\"primaryImageOfPage\":{\"@id\":\"https:\\\/\\\/ebroacero.com\\\/tratamientos-termicos\\\/#primaryimage\"},\"image\":{\"@id\":\"https:\\\/\\\/ebroacero.com\\\/tratamientos-termicos\\\/#primaryimage\"},\"thumbnailUrl\":\"https:\\\/\\\/ebroacero.com\\\/wp-content\\\/uploads\\\/Tratamientos-termicos_1.jpg\",\"datePublished\":\"2026-03-30T10:23:59+00:00\",\"dateModified\":\"2026-03-30T11:15:50+00:00\",\"description\":\"Descubra c\u00f3mo los tratamientos t\u00e9rmicos de Ebroacero transforman el acero, asegurando m\u00e1xima fiabilidad y eficiencia para la industria.\",\"breadcrumb\":{\"@id\":\"https:\\\/\\\/ebroacero.com\\\/tratamientos-termicos\\\/#breadcrumb\"},\"inLanguage\":\"en-US\",\"potentialAction\":[{\"@type\":\"ReadAction\",\"target\":[\"https:\\\/\\\/ebroacero.com\\\/tratamientos-termicos\\\/\"]}]},{\"@type\":\"ImageObject\",\"inLanguage\":\"en-US\",\"@id\":\"https:\\\/\\\/ebroacero.com\\\/tratamientos-termicos\\\/#primaryimage\",\"url\":\"https:\\\/\\\/ebroacero.com\\\/wp-content\\\/uploads\\\/Tratamientos-termicos_1.jpg\",\"contentUrl\":\"https:\\\/\\\/ebroacero.com\\\/wp-content\\\/uploads\\\/Tratamientos-termicos_1.jpg\"},{\"@type\":\"BreadcrumbList\",\"@id\":\"https:\\\/\\\/ebroacero.com\\\/tratamientos-termicos\\\/#breadcrumb\",\"itemListElement\":[{\"@type\":\"ListItem\",\"position\":1,\"name\":\"Portada\",\"item\":\"https:\\\/\\\/ebroacero.com\\\/\"},{\"@type\":\"ListItem\",\"position\":2,\"name\":\"Tratamientos t\u00e9rmicos\"}]},{\"@type\":\"WebSite\",\"@id\":\"https:\\\/\\\/ebroacero.com\\\/#website\",\"url\":\"https:\\\/\\\/ebroacero.com\\\/\",\"name\":\"Ebroacero S.A.\",\"description\":\"Fundici\u00f3n de acero moldeado y fundiciones aleadas para todo tipo de aplicaciones industriales\",\"publisher\":{\"@id\":\"https:\\\/\\\/ebroacero.com\\\/#organization\"},\"potentialAction\":[{\"@type\":\"SearchAction\",\"target\":{\"@type\":\"EntryPoint\",\"urlTemplate\":\"https:\\\/\\\/ebroacero.com\\\/?s={search_term_string}\"},\"query-input\":{\"@type\":\"PropertyValueSpecification\",\"valueRequired\":true,\"valueName\":\"search_term_string\"}}],\"inLanguage\":\"en-US\"},{\"@type\":\"Organization\",\"@id\":\"https:\\\/\\\/ebroacero.com\\\/#organization\",\"name\":\"Ebroacero S.A.\",\"url\":\"https:\\\/\\\/ebroacero.com\\\/\",\"logo\":{\"@type\":\"ImageObject\",\"inLanguage\":\"en-US\",\"@id\":\"https:\\\/\\\/ebroacero.com\\\/#\\\/schema\\\/logo\\\/image\\\/\",\"url\":\"https:\\\/\\\/ebroacero.com\\\/wp-content\\\/uploads\\\/logo-ebroacero-h-w-180x48-1.png\",\"contentUrl\":\"https:\\\/\\\/ebroacero.com\\\/wp-content\\\/uploads\\\/logo-ebroacero-h-w-180x48-1.png\",\"width\":180,\"height\":48,\"caption\":\"Ebroacero S.A.\"},\"image\":{\"@id\":\"https:\\\/\\\/ebroacero.com\\\/#\\\/schema\\\/logo\\\/image\\\/\"}}]}<\/script>\n<!-- \/ Yoast SEO plugin. -->","yoast_head_json":{"title":"Heat treatments - Ebroacero S.A.","description":"Descubra c\u00f3mo los tratamientos t\u00e9rmicos de Ebroacero transforman el acero, asegurando m\u00e1xima fiabilidad y eficiencia para la industria.","robots":{"index":"index","follow":"follow","max-snippet":"max-snippet:-1","max-image-preview":"max-image-preview:large","max-video-preview":"max-video-preview:-1"},"canonical":"https:\/\/ebroacero.com\/en\/heat-treatments\/","og_locale":"en_US","og_type":"article","og_title":"Tratamientos t\u00e9rmicos - Ebroacero S.A.","og_description":"Descubra c\u00f3mo los tratamientos t\u00e9rmicos de Ebroacero transforman el acero, asegurando m\u00e1xima fiabilidad y eficiencia para la industria.","og_url":"https:\/\/ebroacero.com\/en\/heat-treatments\/","og_site_name":"Ebroacero S.A.","article_modified_time":"2026-03-30T11:15:50+00:00","og_image":[{"url":"https:\/\/ebroacero.com\/wp-content\/uploads\/Tratamientos-termicos_1.jpg","type":"","width":"","height":""}],"twitter_card":"summary_large_image","twitter_misc":{"Est. reading time":"2 minutes"},"schema":{"@context":"https:\/\/schema.org","@graph":[{"@type":"WebPage","@id":"https:\/\/ebroacero.com\/tratamientos-termicos\/","url":"https:\/\/ebroacero.com\/tratamientos-termicos\/","name":"Heat treatments - Ebroacero S.A.","isPartOf":{"@id":"https:\/\/ebroacero.com\/#website"},"primaryImageOfPage":{"@id":"https:\/\/ebroacero.com\/tratamientos-termicos\/#primaryimage"},"image":{"@id":"https:\/\/ebroacero.com\/tratamientos-termicos\/#primaryimage"},"thumbnailUrl":"https:\/\/ebroacero.com\/wp-content\/uploads\/Tratamientos-termicos_1.jpg","datePublished":"2026-03-30T10:23:59+00:00","dateModified":"2026-03-30T11:15:50+00:00","description":"Descubra c\u00f3mo los tratamientos t\u00e9rmicos de Ebroacero transforman el acero, asegurando m\u00e1xima fiabilidad y eficiencia para la industria.","breadcrumb":{"@id":"https:\/\/ebroacero.com\/tratamientos-termicos\/#breadcrumb"},"inLanguage":"en-US","potentialAction":[{"@type":"ReadAction","target":["https:\/\/ebroacero.com\/tratamientos-termicos\/"]}]},{"@type":"ImageObject","inLanguage":"en-US","@id":"https:\/\/ebroacero.com\/tratamientos-termicos\/#primaryimage","url":"https:\/\/ebroacero.com\/wp-content\/uploads\/Tratamientos-termicos_1.jpg","contentUrl":"https:\/\/ebroacero.com\/wp-content\/uploads\/Tratamientos-termicos_1.jpg"},{"@type":"BreadcrumbList","@id":"https:\/\/ebroacero.com\/tratamientos-termicos\/#breadcrumb","itemListElement":[{"@type":"ListItem","position":1,"name":"Portada","item":"https:\/\/ebroacero.com\/"},{"@type":"ListItem","position":2,"name":"Tratamientos t\u00e9rmicos"}]},{"@type":"WebSite","@id":"https:\/\/ebroacero.com\/#website","url":"https:\/\/ebroacero.com\/","name":"Ebroacero S.A.","description":"Cast steel and alloyed castings for all types of industrial applications","publisher":{"@id":"https:\/\/ebroacero.com\/#organization"},"potentialAction":[{"@type":"SearchAction","target":{"@type":"EntryPoint","urlTemplate":"https:\/\/ebroacero.com\/?s={search_term_string}"},"query-input":{"@type":"PropertyValueSpecification","valueRequired":true,"valueName":"search_term_string"}}],"inLanguage":"en-US"},{"@type":"Organization","@id":"https:\/\/ebroacero.com\/#organization","name":"Ebroacero S.A.","url":"https:\/\/ebroacero.com\/","logo":{"@type":"ImageObject","inLanguage":"en-US","@id":"https:\/\/ebroacero.com\/#\/schema\/logo\/image\/","url":"https:\/\/ebroacero.com\/wp-content\/uploads\/logo-ebroacero-h-w-180x48-1.png","contentUrl":"https:\/\/ebroacero.com\/wp-content\/uploads\/logo-ebroacero-h-w-180x48-1.png","width":180,"height":48,"caption":"Ebroacero S.A."},"image":{"@id":"https:\/\/ebroacero.com\/#\/schema\/logo\/image\/"}}]}},"_links":{"self":[{"href":"https:\/\/ebroacero.com\/en\/wp-json\/wp\/v2\/pages\/2250","targetHints":{"allow":["GET"]}}],"collection":[{"href":"https:\/\/ebroacero.com\/en\/wp-json\/wp\/v2\/pages"}],"about":[{"href":"https:\/\/ebroacero.com\/en\/wp-json\/wp\/v2\/types\/page"}],"author":[{"embeddable":true,"href":"https:\/\/ebroacero.com\/en\/wp-json\/wp\/v2\/users\/1"}],"replies":[{"embeddable":true,"href":"https:\/\/ebroacero.com\/en\/wp-json\/wp\/v2\/comments?post=2250"}],"version-history":[{"count":8,"href":"https:\/\/ebroacero.com\/en\/wp-json\/wp\/v2\/pages\/2250\/revisions"}],"predecessor-version":[{"id":6291,"href":"https:\/\/ebroacero.com\/en\/wp-json\/wp\/v2\/pages\/2250\/revisions\/6291"}],"wp:attachment":[{"href":"https:\/\/ebroacero.com\/en\/wp-json\/wp\/v2\/media?parent=2250"}],"curies":[{"name":"wp","href":"https:\/\/api.w.org\/{rel}","templated":true}]}}