{"id":19,"date":"2021-05-06T12:42:40","date_gmt":"2021-05-06T10:42:40","guid":{"rendered":"https:\/\/ebroacero.com\/?page_id=19"},"modified":"2023-04-15T13:45:46","modified_gmt":"2023-04-15T11:45:46","slug":"privacy-policy-2","status":"publish","type":"page","link":"https:\/\/ebroacero.com\/en\/politica-de-privacidad\/","title":{"rendered":"Privacy Policy"},"content":{"rendered":"<div data-elementor-type=\"wp-page\" data-elementor-id=\"19\" class=\"elementor elementor-19\" data-elementor-settings=\"{&quot;ha_cmc_init_switcher&quot;:&quot;no&quot;}\" data-elementor-post-type=\"page\">\n\t\t\t\t\t\t<section data-particle_enable=\"false\" data-particle-mobile-disabled=\"false\" class=\"elementor-section elementor-top-section elementor-element elementor-element-adf325c elementor-section-boxed elementor-section-height-default elementor-section-height-default\" data-id=\"adf325c\" data-element_type=\"section\" data-e-type=\"section\" data-settings=\"{&quot;_ha_eqh_enable&quot;:false}\">\n\t\t\t\t\t\t<div class=\"elementor-container elementor-column-gap-default\">\n\t\t\t\t\t<div class=\"elementor-column elementor-col-100 elementor-top-column elementor-element elementor-element-bc5e622\" data-id=\"bc5e622\" data-element_type=\"column\" data-e-type=\"column\">\n\t\t\t<div class=\"elementor-widget-wrap elementor-element-populated\">\n\t\t\t\t\t\t<div class=\"elementor-element elementor-element-8536372 elementor-widget elementor-widget-heading\" data-id=\"8536372\" data-element_type=\"widget\" data-e-type=\"widget\" data-widget_type=\"heading.default\">\n\t\t\t\t<div class=\"elementor-widget-container\">\n\t\t\t\t\t<h1 class=\"elementor-heading-title elementor-size-default\">PRIVACY POLICY<\/h1>\t\t\t\t<\/div>\n\t\t\t\t<\/div>\n\t\t\t\t\t<\/div>\n\t\t<\/div>\n\t\t\t\t\t<\/div>\n\t\t<\/section>\n\t\t\t\t<section data-particle_enable=\"false\" data-particle-mobile-disabled=\"false\" class=\"elementor-section elementor-top-section elementor-element elementor-element-e7c1355 paginas-legales elementor-section-boxed elementor-section-height-default elementor-section-height-default\" data-id=\"e7c1355\" data-element_type=\"section\" data-e-type=\"section\" data-settings=\"{&quot;_ha_eqh_enable&quot;:false}\">\n\t\t\t\t\t\t<div class=\"elementor-container elementor-column-gap-default\">\n\t\t\t\t\t<div class=\"elementor-column elementor-col-100 elementor-top-column elementor-element elementor-element-31aa75ac\" data-id=\"31aa75ac\" data-element_type=\"column\" data-e-type=\"column\">\n\t\t\t<div class=\"elementor-widget-wrap elementor-element-populated\">\n\t\t\t\t\t\t<div class=\"elementor-element elementor-element-bab36b6 elementor-widget elementor-widget-text-editor\" data-id=\"bab36b6\" data-element_type=\"widget\" data-e-type=\"widget\" data-widget_type=\"text-editor.default\">\n\t\t\t\t<div class=\"elementor-widget-container\">\n\t\t\t\t\t\t\t\t\t<h2><strong>PRIVACY POLICY<\/strong><\/h2><p>In order to make the transparency of the information compatible with an easy understanding in the way it is presented to users, <strong>EBROACERO, S.A. <\/strong>presents the privacy policy in two phases (multilevel representation or a <strong>double layer<\/strong>). Through this system we offer our visitors and users, information about the treatment of their data by means of a more summarized and concise information as a first layer of information. In case of requiring more detailed information, a second layer of more extensive and detailed information is available through the link: <span style=\"color: ##415364;\"><strong>\"+ Information\"<\/strong><\/span>. It identifies the different aspects of the treatment carried out by <strong>EBROACERO, S.A.<\/strong><\/p><table class=\"privacidad-tabla\"><thead><tr><th width=\"150px\">Section<\/th><th>Description<\/th><th width=\"150px\">Link<\/th><\/tr><\/thead><tbody><tr class=\"titulos\"><td data-titulo=\"Ep\u00edgrafe:\">Responsible for the treatment<\/td><td data-titulo=\"Descripci\u00f3n:\">The data processed is strictly necessary, adequate and relevant for each purpose.<\/td><td data-titulo=\"Enlace:\"><a href=\"#_Responsable_del_tratamiento\"><strong>+ Information<\/strong><\/a><\/td><\/tr><tr class=\"titulos\"><td data-titulo=\"Ep\u00edgrafe:\">Purpose<\/td><td data-titulo=\"Descripci\u00f3n:\">The purpose of the data processing carried out will be in accordance with the activities of the Departments of <strong>EBROACERO, S.A.<\/strong>\u00a0mainly highlighting: <strong>\"Steel Foundry\"<\/strong>.<\/td><td data-titulo=\"Enlace:\"><a href=\"#_Finalidad\"><strong>+ Information<\/strong><\/a><\/td><\/tr><tr class=\"titulos\"><td data-titulo=\"Ep\u00edgrafe:\">Legitimation<\/td><td data-titulo=\"Descripci\u00f3n:\">The data processing is based on the assumptions set out in Article 6 of the GDPR. In the case of <strong>EBROACERO, S.A.<\/strong>\u00a0it is customary for such processing to be carried out when the data subject has consented to the processing of his or her personal data for one or more specific purposes.<\/td><td data-titulo=\"Enlace:\"><a href=\"#_Base_juridica_del_tratamiento\"><strong>+ Information<\/strong><\/a><\/td><\/tr><tr class=\"titulos\"><td data-titulo=\"Ep\u00edgrafe:\">Data Retention<\/td><td data-titulo=\"Descripci\u00f3n:\">The personal data provided will be kept for the time necessary to fulfill the purpose for which they are collected and to determine the possible liabilities that may arise from the purpose, in addition to the legal retention periods that require their conservation (e.g. tax obligations).<\/td><td data-titulo=\"Enlace:\"><a href=\"#_Plazo_de_conservacion\"><strong>+ Information<\/strong><\/a><\/td><\/tr><tr class=\"titulos\"><td data-titulo=\"Ep\u00edgrafe:\">Data communication<\/td><td data-titulo=\"Descripci\u00f3n:\"><p>In general, personal data will not be disclosed to third parties, unless required by law:<\/p><ul><li>Competent public administration<\/li><li>Banks\/Financial Institutions<\/li><\/ul><\/td><td data-titulo=\"Enlace:\"><a href=\"#_Categorias_de_destinatarios\"><strong>+ Information<\/strong><\/a><\/td><\/tr><tr class=\"titulos\"><td data-titulo=\"Ep\u00edgrafe:\">Stakeholder rights<\/td><td data-titulo=\"Descripci\u00f3n:\">We recognize our visitors and users to exercise their rights of access, rectification, deletion and portability of their data, of limitation and opposition to its processing, as well as not to be subject to decisions based solely on the automated processing of their data, where appropriate, to the <a href=\"https:\/\/www.aepd.es\/es\" target=\"_blank\" rel=\"noopener\"><strong>Spanish Data Protection Agency<\/strong><\/a>.<\/td><td data-titulo=\"Enlace:\"><a href=\"#_Ejercer_derechos_de_control\"><strong>+ Information<\/strong><\/a><\/td><\/tr><tr class=\"titulos\"><td data-titulo=\"Ep\u00edgrafe:\">Info. Additional<\/td><td data-titulo=\"Descripci\u00f3n:\"><p>This website uses its own and third party cookies to analyze web traffic, as well as to be able to personalize the information it offers to its users or to promote its services. Information to change this configuration and obtain more details about our cookies policy on the button. <a href=\"\/en\/cookie-policy-ue\/\" target=\"_blank\" rel=\"noopener\"> <strong>\"Cookie Policy\"<\/strong><\/a>.<\/p><p>The website of which it is the owner <strong>EBROACERO, S.A.<\/strong>\u00a0contains hyperlinks to other third party websites, whose privacy policies are unrelated to that of this administration. By accessing such websites you can decide whether to accept their privacy and cookie policies. In general, if you browse the Internet you can accept or reject third party cookies from the configuration options of your browser.<\/p><\/td><td data-titulo=\"Enlace:\"><a href=\"\/en\/cookie-policy-ue\/\" target=\"_blank\" rel=\"noopener\"> <strong>+ Cookies Policy<\/strong><\/a><\/td><\/tr><\/tbody><\/table><h2>\u00a0<\/h2><h2 style=\"margin-bottom: 15px;\"><strong>PRIVACY POLICY<\/strong><\/h2><h3><a name=\"_Responsable_del_tratamiento\"><\/a>Responsible for the treatment<\/h3><ul><li>Responsible: <strong>EBROACERO, S.A.<\/strong><\/li><li>CIF: <strong>A50009844<\/strong><\/li><li>Address:<strong> Argualas Street 20 - 50012 Zaragoza<\/strong><\/li><li>Phone: <strong>+34 976 564 625<\/strong><\/li><li>Email: <strong>info@ebroacero.com<\/strong><\/li><\/ul><p><a name=\"_Finalidad\"><\/a><\/p><h3>Purpose<\/h3><ol type=\"a\"><li><strong>Provision of services to current and\/or potential customers<\/strong><\/li><\/ol><p>Steel Foundry.<\/p><p>Sending commercial information about our products and\/or services.<\/p><ol start=\"2\" type=\"a\"><li><strong>Suppliers and third parties<\/strong><\/li><\/ol><p>Outsourcing of services to third parties (companies, freelancers, foundations, associations...)<\/p><ol start=\"3\" type=\"a\"><li><strong>Human Resources<\/strong><\/li><\/ol><p>Management of labor personnel<\/p><p>Personal file. Time control. Incompatibilities. Training. Pension plans. Occupational risk prevention.<\/p><p>Issuance of personnel payroll, as well as all the products derived from it.<\/p><p>Management of union activity (if applicable).<\/p><ol start=\"4\" type=\"a\"><li><strong>Video surveillance<\/strong><\/li><\/ol><p>Ensure the safety of people, goods and facilities.<\/p><h3><a name=\"_Base_juridica_del_tratamiento\"><\/a> Legal basis for processing<\/h3><ul><li>GDPR: 6.1.a) the data subject consented to the processing of his or her personal data for one or more specific purposes;<\/li><li>GDPR: 6.1.b) Processing necessary for the performance of a contract to which the data subject is a party or for the implementation at the request of the data subject of pre-contractual measures;<\/li><li>GDPR: 6.1. c) the processing is necessary for compliance with a legal obligation applicable to the controller;<\/li><li>General Data Protection Regulation;<\/li><li>Organic Law 3\/2018, of December 5, on Personal Data Protection and guarantee of digital rights;<\/li><li>Law 34\/2002, of July 11, 2002, on information society services and electronic commerce (Applicable to messaging, RSS and online sales).<\/li><\/ul><p><span style=\"color: #17365d;\"><strong>*<\/strong><\/span> \"You have the right to withdraw the consent given\".<\/p><h3>Collectives<\/h3><ul><li>Current and potential customers and users<\/li><li>Professionals and collaborators<\/li><li>Workers and potential candidates<\/li><li>Individuals passing through the Entity's premises<\/li><\/ul><h3>Categories of personal data<\/h3><ul><li>Identifying information (name, surname, ID number, postal address, telephone, e-mail address, website)<\/li><li>Other personal information<\/li><li>Bank details<\/li><li>Commercial Information<\/li><li>Purchase and sale of goods or services<\/li><\/ul><h3><a name=\"_Categorias_de_destinatarios\"><\/a> Categories of recipients<\/h3><p>Customers' personal data will be communicated to the following recipients:<\/p><ul><li>Public Administrations (e.g. Tax Agency; Social Security)<\/li><li>Judicial agencies \"Where applicable\" (Courts)<\/li><li>Financial institutions (Banks)<\/li><li>Collaborating entities<\/li><\/ul><h3>International transfers<\/h3><p>International data transfers are not foreseen.<\/p><h3><a name=\"_Plazo_de_conservacion\"><\/a> Data retention period<\/h3><p>They will be kept for the time necessary to fulfill the purpose for which they were collected and to determine the possible responsibilities that may arise from that purpose and from the processing of the data.<\/p><h3>Safety measures<\/h3><p>In compliance with the provisions of Article 32 of the RGPD, <strong>EBROACERO, S.A. <\/strong>\u00a0guarantee the permanent confidentiality, integrity, availability and resilience of the processing systems and services. The level of security shall be proportional to the risk in the processing of each type of personal data.<\/p><h3><a name=\"_Ejercer_derechos_de_control\"><\/a> Exercise control rights over your data<\/h3><p>We recognize our visitors and users their rights of access, rectification, deletion and portability of their data, and the limitation or opposition to its processing, which may be exercised in the manner provided by law at the addresses indicated above.<\/p><p>For more information on how to exercise your rights, the Spanish supervisory authority, the Agencia Espa\u00f1ola de Protecci\u00f3n de Datos, provides you with the following link with its description and form to send the request to us: <a href=\"https:\/\/www.aepd.es\/es\/derechos-y-deberes\/conoce-tus-derechos\" target=\"_blank\" rel=\"noopener\"><strong>Exercising rights<\/strong><\/a><\/p><p>For any information or questions you may have regarding the processing of your data by <strong>EBROACERO, S.A.<\/strong>If you have any questions, please contact us at the e-mail address provided. <strong>info@ebroacero.com<\/strong>.<\/p><h3>Claim (complaint) to the AEPD<\/h3><p>If you consider, after contacting us, that your rights are not being respected, you can file a complaint with the <a href=\"https:\/\/www.aepd.es\/\" target=\"_blank\" rel=\"noopener\">AEPD<\/a>.<\/p><p><strong>EBROACERO, S.A.<\/strong><br \/><strong>20 Argualas Street<\/strong><br \/><strong>50012 Zaragoza<\/strong><br \/><strong>Email: info@ebroacero.com<\/strong><\/p><div class=\"enlaces-externos\"><p>1.- <a href=\"https:\/\/www.cnil.fr\/fr\/donnees-personnelles\" target=\"_blank\" rel=\"noopener\"><em>The Commission Nationale de l'informatique et des Libert\u00e9s<\/em><\/a><\/p><p>2.- <a href=\"https:\/\/www.aepd.es\/es\/politica-de-privacidad-y-aviso-legal\" target=\"_blank\" rel=\"noopener\">The Spanish Data Protection Agency<\/a><\/p><p>3.- <a href=\"https:\/\/www.aragon.es\/-\/politica-de-privacidad\" target=\"_blank\" rel=\"noopener\"><em>Government of Aragon<\/em><\/a><\/p><\/div>\t\t\t\t\t\t\t\t<\/div>\n\t\t\t\t<\/div>\n\t\t\t\t\t<\/div>\n\t\t<\/div>\n\t\t\t\t\t<\/div>\n\t\t<\/section>\n\t\t\t\t<\/div>","protected":false},"excerpt":{"rendered":"<p>POL\u00cdTICA DE PRIVACIDAD POL\u00cdTICA DE PRIVACIDAD Con la finalidad de compatibilizar la transparencia de la informaci\u00f3n, con una f\u00e1cil comprensi\u00f3n [&hellip;]<\/p>\n","protected":false},"author":1,"featured_media":0,"parent":0,"menu_order":0,"comment_status":"closed","ping_status":"closed","template":"","meta":{"site-sidebar-layout":"no-sidebar","site-content-layout":"page-builder","ast-site-content-layout":"default","site-content-style":"default","site-sidebar-style":"default","ast-global-header-display":"","ast-banner-title-visibility":"","ast-main-header-display":"","ast-hfb-above-header-display":"","ast-hfb-below-header-display":"","ast-hfb-mobile-header-display":"","site-post-title":"disabled","ast-breadcrumbs-content":"","ast-featured-img":"disabled","footer-sml-layout":"","ast-disable-related-posts":"","theme-transparent-header-meta":"enabled","adv-header-id-meta":"","stick-header-meta":"","header-above-stick-meta":"","header-main-stick-meta":"","header-below-stick-meta":"","astra-migrate-meta-layouts":"default","ast-page-background-enabled":"default","ast-page-background-meta":{"desktop":{"background-color":"var(--ast-global-color-5)","background-image":"","background-repeat":"repeat","background-position":"center center","background-size":"auto","background-attachment":"scroll","background-type":"","background-media":"","overlay-type":"","overlay-color":"","overlay-opacity":"","overlay-gradient":""},"tablet":{"background-color":"","background-image":"","background-repeat":"repeat","background-position":"center center","background-size":"auto","background-attachment":"scroll","background-type":"","background-media":"","overlay-type":"","overlay-color":"","overlay-opacity":"","overlay-gradient":""},"mobile":{"background-color":"","background-image":"","background-repeat":"repeat","background-position":"center center","background-size":"auto","background-attachment":"scroll","background-type":"","background-media":"","overlay-type":"","overlay-color":"","overlay-opacity":"","overlay-gradient":""}},"ast-content-background-meta":{"desktop":{"background-color":"var(--ast-global-color-4)","background-image":"","background-repeat":"repeat","background-position":"center center","background-size":"auto","background-attachment":"scroll","background-type":"","background-media":"","overlay-type":"","overlay-color":"","overlay-opacity":"","overlay-gradient":""},"tablet":{"background-color":"var(--ast-global-color-4)","background-image":"","background-repeat":"repeat","background-position":"center center","background-size":"auto","background-attachment":"scroll","background-type":"","background-media":"","overlay-type":"","overlay-color":"","overlay-opacity":"","overlay-gradient":""},"mobile":{"background-color":"var(--ast-global-color-4)","background-image":"","background-repeat":"repeat","background-position":"center center","background-size":"auto","background-attachment":"scroll","background-type":"","background-media":"","overlay-type":"","overlay-color":"","overlay-opacity":"","overlay-gradient":""}},"footnotes":""},"class_list":["post-19","page","type-page","status-publish","hentry"],"yoast_head":"<!-- This site is optimized with the Yoast SEO plugin v27.3 - https:\/\/yoast.com\/product\/yoast-seo-wordpress\/ -->\n<title>Pol\u00edtica de Privacidad - Ebroacero S.A.<\/title>\n<meta name=\"robots\" content=\"index, follow, max-snippet:-1, max-image-preview:large, max-video-preview:-1\" \/>\n<link rel=\"canonical\" href=\"https:\/\/ebroacero.com\/en\/privacy-policy-2\/\" \/>\n<meta property=\"og:locale\" content=\"en_US\" \/>\n<meta property=\"og:type\" content=\"article\" \/>\n<meta property=\"og:title\" content=\"Pol\u00edtica de Privacidad - Ebroacero S.A.\" \/>\n<meta property=\"og:description\" content=\"POL\u00cdTICA DE PRIVACIDAD POL\u00cdTICA DE PRIVACIDAD Con la finalidad de compatibilizar la transparencia de la informaci\u00f3n, con una f\u00e1cil comprensi\u00f3n [&hellip;]\" \/>\n<meta property=\"og:url\" content=\"https:\/\/ebroacero.com\/en\/privacy-policy-2\/\" \/>\n<meta property=\"og:site_name\" content=\"Ebroacero S.A.\" \/>\n<meta property=\"article:modified_time\" content=\"2023-04-15T11:45:46+00:00\" \/>\n<meta name=\"twitter:card\" content=\"summary_large_image\" \/>\n<meta name=\"twitter:label1\" content=\"Est. reading time\" \/>\n\t<meta name=\"twitter:data1\" content=\"5 minutes\" \/>\n<script type=\"application\/ld+json\" class=\"yoast-schema-graph\">{\"@context\":\"https:\\\/\\\/schema.org\",\"@graph\":[{\"@type\":\"WebPage\",\"@id\":\"https:\\\/\\\/ebroacero.com\\\/politica-de-privacidad\\\/\",\"url\":\"https:\\\/\\\/ebroacero.com\\\/politica-de-privacidad\\\/\",\"name\":\"Pol\u00edtica de Privacidad - Ebroacero S.A.\",\"isPartOf\":{\"@id\":\"https:\\\/\\\/ebroacero.com\\\/#website\"},\"datePublished\":\"2021-05-06T10:42:40+00:00\",\"dateModified\":\"2023-04-15T11:45:46+00:00\",\"breadcrumb\":{\"@id\":\"https:\\\/\\\/ebroacero.com\\\/politica-de-privacidad\\\/#breadcrumb\"},\"inLanguage\":\"en-US\",\"potentialAction\":[{\"@type\":\"ReadAction\",\"target\":[\"https:\\\/\\\/ebroacero.com\\\/politica-de-privacidad\\\/\"]}]},{\"@type\":\"BreadcrumbList\",\"@id\":\"https:\\\/\\\/ebroacero.com\\\/politica-de-privacidad\\\/#breadcrumb\",\"itemListElement\":[{\"@type\":\"ListItem\",\"position\":1,\"name\":\"Portada\",\"item\":\"https:\\\/\\\/ebroacero.com\\\/\"},{\"@type\":\"ListItem\",\"position\":2,\"name\":\"Pol\u00edtica de Privacidad\"}]},{\"@type\":\"WebSite\",\"@id\":\"https:\\\/\\\/ebroacero.com\\\/#website\",\"url\":\"https:\\\/\\\/ebroacero.com\\\/\",\"name\":\"Ebroacero S.A.\",\"description\":\"Fundici\u00f3n de acero moldeado y fundiciones aleadas para todo tipo de aplicaciones industriales\",\"publisher\":{\"@id\":\"https:\\\/\\\/ebroacero.com\\\/#organization\"},\"potentialAction\":[{\"@type\":\"SearchAction\",\"target\":{\"@type\":\"EntryPoint\",\"urlTemplate\":\"https:\\\/\\\/ebroacero.com\\\/?s={search_term_string}\"},\"query-input\":{\"@type\":\"PropertyValueSpecification\",\"valueRequired\":true,\"valueName\":\"search_term_string\"}}],\"inLanguage\":\"en-US\"},{\"@type\":\"Organization\",\"@id\":\"https:\\\/\\\/ebroacero.com\\\/#organization\",\"name\":\"Ebroacero S.A.\",\"url\":\"https:\\\/\\\/ebroacero.com\\\/\",\"logo\":{\"@type\":\"ImageObject\",\"inLanguage\":\"en-US\",\"@id\":\"https:\\\/\\\/ebroacero.com\\\/#\\\/schema\\\/logo\\\/image\\\/\",\"url\":\"https:\\\/\\\/ebroacero.com\\\/wp-content\\\/uploads\\\/logo-ebroacero-h-w-180x48-1.png\",\"contentUrl\":\"https:\\\/\\\/ebroacero.com\\\/wp-content\\\/uploads\\\/logo-ebroacero-h-w-180x48-1.png\",\"width\":180,\"height\":48,\"caption\":\"Ebroacero S.A.\"},\"image\":{\"@id\":\"https:\\\/\\\/ebroacero.com\\\/#\\\/schema\\\/logo\\\/image\\\/\"}}]}<\/script>\n<!-- \/ Yoast SEO plugin. -->","yoast_head_json":{"title":"Privacy Policy - Ebroacero S.A.","robots":{"index":"index","follow":"follow","max-snippet":"max-snippet:-1","max-image-preview":"max-image-preview:large","max-video-preview":"max-video-preview:-1"},"canonical":"https:\/\/ebroacero.com\/en\/privacy-policy-2\/","og_locale":"en_US","og_type":"article","og_title":"Pol\u00edtica de Privacidad - Ebroacero S.A.","og_description":"POL\u00cdTICA DE PRIVACIDAD POL\u00cdTICA DE PRIVACIDAD Con la finalidad de compatibilizar la transparencia de la informaci\u00f3n, con una f\u00e1cil comprensi\u00f3n [&hellip;]","og_url":"https:\/\/ebroacero.com\/en\/privacy-policy-2\/","og_site_name":"Ebroacero S.A.","article_modified_time":"2023-04-15T11:45:46+00:00","twitter_card":"summary_large_image","twitter_misc":{"Est. reading time":"5 minutes"},"schema":{"@context":"https:\/\/schema.org","@graph":[{"@type":"WebPage","@id":"https:\/\/ebroacero.com\/politica-de-privacidad\/","url":"https:\/\/ebroacero.com\/politica-de-privacidad\/","name":"Privacy Policy - Ebroacero S.A.","isPartOf":{"@id":"https:\/\/ebroacero.com\/#website"},"datePublished":"2021-05-06T10:42:40+00:00","dateModified":"2023-04-15T11:45:46+00:00","breadcrumb":{"@id":"https:\/\/ebroacero.com\/politica-de-privacidad\/#breadcrumb"},"inLanguage":"en-US","potentialAction":[{"@type":"ReadAction","target":["https:\/\/ebroacero.com\/politica-de-privacidad\/"]}]},{"@type":"BreadcrumbList","@id":"https:\/\/ebroacero.com\/politica-de-privacidad\/#breadcrumb","itemListElement":[{"@type":"ListItem","position":1,"name":"Portada","item":"https:\/\/ebroacero.com\/"},{"@type":"ListItem","position":2,"name":"Pol\u00edtica de Privacidad"}]},{"@type":"WebSite","@id":"https:\/\/ebroacero.com\/#website","url":"https:\/\/ebroacero.com\/","name":"Ebroacero S.A.","description":"Cast steel and alloyed castings for all types of industrial applications","publisher":{"@id":"https:\/\/ebroacero.com\/#organization"},"potentialAction":[{"@type":"SearchAction","target":{"@type":"EntryPoint","urlTemplate":"https:\/\/ebroacero.com\/?s={search_term_string}"},"query-input":{"@type":"PropertyValueSpecification","valueRequired":true,"valueName":"search_term_string"}}],"inLanguage":"en-US"},{"@type":"Organization","@id":"https:\/\/ebroacero.com\/#organization","name":"Ebroacero S.A.","url":"https:\/\/ebroacero.com\/","logo":{"@type":"ImageObject","inLanguage":"en-US","@id":"https:\/\/ebroacero.com\/#\/schema\/logo\/image\/","url":"https:\/\/ebroacero.com\/wp-content\/uploads\/logo-ebroacero-h-w-180x48-1.png","contentUrl":"https:\/\/ebroacero.com\/wp-content\/uploads\/logo-ebroacero-h-w-180x48-1.png","width":180,"height":48,"caption":"Ebroacero S.A."},"image":{"@id":"https:\/\/ebroacero.com\/#\/schema\/logo\/image\/"}}]}},"_links":{"self":[{"href":"https:\/\/ebroacero.com\/en\/wp-json\/wp\/v2\/pages\/19","targetHints":{"allow":["GET"]}}],"collection":[{"href":"https:\/\/ebroacero.com\/en\/wp-json\/wp\/v2\/pages"}],"about":[{"href":"https:\/\/ebroacero.com\/en\/wp-json\/wp\/v2\/types\/page"}],"author":[{"embeddable":true,"href":"https:\/\/ebroacero.com\/en\/wp-json\/wp\/v2\/users\/1"}],"replies":[{"embeddable":true,"href":"https:\/\/ebroacero.com\/en\/wp-json\/wp\/v2\/comments?post=19"}],"version-history":[{"count":0,"href":"https:\/\/ebroacero.com\/en\/wp-json\/wp\/v2\/pages\/19\/revisions"}],"wp:attachment":[{"href":"https:\/\/ebroacero.com\/en\/wp-json\/wp\/v2\/media?parent=19"}],"curies":[{"name":"wp","href":"https:\/\/api.w.org\/{rel}","templated":true}]}}